{"id":525,"date":"2017-11-25T17:22:32","date_gmt":"2017-11-25T16:22:32","guid":{"rendered":"https:\/\/maresdecedeira.gal\/?page_id=525"},"modified":"2024-12-08T22:26:55","modified_gmt":"2024-12-08T21:26:55","slug":"contactez-nous","status":"publish","type":"page","link":"https:\/\/maresdecedeira.gal\/fr\/contactez-nous\/","title":{"rendered":"Contactez-nous"},"content":{"rendered":"<div id=\"pl-525\"  class=\"panel-layout\" ><div id=\"pg-525-0\"  class=\"panel-grid panel-has-style\" ><div class=\"siteorigin-panels-stretch panel-row-style panel-row-style-for-525-0\" data-stretch-type=\"full-width-stretch\" ><div id=\"pgc-525-0-0\"  class=\"panel-grid-cell\" ><div id=\"panel-525-0-0-0\" class=\"so-panel widget widget_sow-hero panel-first-child panel-last-child\" data-index=\"0\" ><div class=\"panel-widget-style panel-widget-style-for-525-0-0-0\" ><div\n\t\t\t\n\t\t\tclass=\"so-widget-sow-hero so-widget-sow-hero-default-a41ecc6b9017-525\"\n\t\t\t\n\t\t>\t\t\t\t<div class=\"sow-slider-base\" style=\"display: none\" tabindex=\"0\">\n\t\t\t\t\t<ul\n\t\t\t\t\tclass=\"sow-slider-images\"\n\t\t\t\t\tdata-settings=\"{&quot;pagination&quot;:true,&quot;speed&quot;:800,&quot;timeout&quot;:8000,&quot;paused&quot;:false,&quot;pause_on_hover&quot;:false,&quot;swipe&quot;:false,&quot;nav_always_show_desktop&quot;:&quot;&quot;,&quot;nav_always_show_mobile&quot;:&quot;&quot;,&quot;breakpoint&quot;:&quot;780px&quot;,&quot;unmute&quot;:false,&quot;anchor&quot;:null}\"\n\t\t\t\t\t\t\t\t\t\tdata-anchor-id=\"\"\n\t\t\t\t>\t\t<li class=\"sow-slider-image  sow-slider-image-cover\" style=\"visibility: visible;;background-color: #333333\" >\n\t\t\t\t\t<div class=\"sow-slider-image-container\">\n\t\t\t<div class=\"sow-slider-image-wrapper\">\n\t\t\t\t<h1 style=\"text-align: center\">VISITEZ-NOUS<\/h1>\n<h3 style=\"text-align: center\">Nous sommes impatients de vous voir bient\u00f4t pour le mus\u00e9e, ici vous avez toutes nos informations afin que vous puissiez venir bient\u00f4t<\/h3>\t\t\t<\/div>\n\t\t<\/div>\n\t\t<div class=\"sow-slider-image-overlay sow-slider-image-cover\" style=\"opacity: 0.5;background-image: url(https:\/\/maresdecedeira.gal\/wp-content\/uploads\/2017\/11\/Exterior-del-museo.jpg)\"  ><\/div>\t\t<\/li>\n\t\t<\/ul>\t\t\t\t<ol class=\"sow-slider-pagination\">\n\t\t\t\t\t\t\t\t\t\t\t<li><a href=\"#\" data-goto=\"0\" aria-label=\"Display slide 1\"><\/a><\/li>\n\t\t\t\t\t\t\t\t\t<\/ol>\n\n\t\t\t\t<div class=\"sow-slide-nav sow-slide-nav-next\">\n\t\t\t\t\t<a href=\"#\" data-goto=\"next\" aria-label=\"Next slide\" data-action=\"next\">\n\t\t\t\t\t\t<em class=\"sow-sld-icon-thin-right\"><\/em>\n\t\t\t\t\t<\/a>\n\t\t\t\t<\/div>\n\n\t\t\t\t<div class=\"sow-slide-nav sow-slide-nav-prev\">\n\t\t\t\t\t<a href=\"#\" data-goto=\"previous\" aria-label=\"Previous slide\" data-action=\"prev\">\n\t\t\t\t\t\t<em class=\"sow-sld-icon-thin-left\"><\/em>\n\t\t\t\t\t<\/a>\n\t\t\t\t<\/div>\n\t\t\t\t<\/div><\/div><\/div><\/div><\/div><\/div><\/div><div id=\"pg-525-1\"  class=\"panel-grid panel-no-style\" ><div id=\"pgc-525-1-0\"  class=\"panel-grid-cell\" ><div id=\"panel-525-1-0-0\" class=\"so-panel widget widget_sow-editor panel-first-child panel-last-child\" data-index=\"1\" ><div\n\t\t\t\n\t\t\tclass=\"so-widget-sow-editor so-widget-sow-editor-base\"\n\t\t\t\n\t\t>\n<div class=\"siteorigin-widget-tinymce textwidget\">\n\t<p>&nbsp;<\/p>\n<h2 style=\"text-align: center;\">Heures d'ouverture \u00c9t\u00e9<\/h2>\n<p style=\"text-align: center;\"><span style=\"color: #000080;\">mai<\/span> au <span style=\"color: #000080;\">septembre<\/span><\/p>\n<div class=\"icon-box ibox-center ibox-dark ibox-outline ibox-effect \"><div class=\"ibox-icon\"><i class=\"fa fa-certificate\"><\/i><\/div><h3>\u00e9t\u00e9<\/h3><p><\/p>\n\t\t\t\t\t<\/div>\n<p style=\"text-align: center;\">Ouvert du mercredi au dimanche<\/p>\n<p style=\"text-align: center;\">Matin\u00e9es\u00a0<span style=\"color: #000080;\">11:00-14:00<\/span><\/p>\n<p style=\"text-align: center;\">Apr\u00e8s-midi <span style=\"color: #000080;\">16:00-19:00<\/span><\/p>\n<\/div>\n<\/div><\/div><\/div><div id=\"pgc-525-1-1\"  class=\"panel-grid-cell\" ><div id=\"panel-525-1-1-0\" class=\"so-panel widget widget_sow-editor panel-first-child panel-last-child\" data-index=\"2\" ><div\n\t\t\t\n\t\t\tclass=\"so-widget-sow-editor so-widget-sow-editor-base\"\n\t\t\t\n\t\t>\n<div class=\"siteorigin-widget-tinymce textwidget\">\n\t<p>&nbsp;<\/p>\n<h2 style=\"text-align: center;\">Horaires d'ouverture Hiver<\/h2>\n<p style=\"text-align: center;\"><span style=\"color: #000080;\">septembre<\/span> au <span style=\"color: #000080;\">april<\/span><\/p>\n<p><div class=\"icon-box ibox-center ibox-dark ibox-outline ibox-effect \"><div class=\"ibox-icon\"><i class=\"fa fa-cloud\"><\/i><\/div><h3>Hiver<\/h3><p><\/p>\n\t\t\t\t\t<\/div><br \/>\n&nbsp;<\/p>\n<table style=\"height: 61px;\" width=\"440\">\n<tbody>\n<tr>\n<td><strong>Jour<\/strong><\/td>\n<td><strong>Horaire<\/strong><\/td>\n<\/tr>\n<tr>\n<td>Lundi et Mardi<\/td>\n<td>Ferm\u00e9<\/td>\n<\/tr>\n<tr>\n<td>Mercredi et jeudi<\/td>\n<td>10:30 a 13:30<\/td>\n<\/tr>\n<tr>\n<td>Vendredi<\/td>\n<td>10:30 a 13:30 - 16:00 a 19:00<\/td>\n<\/tr>\n<tr>\n<td>Samedi<\/td>\n<td>10:30 a 14:00 - 16:00 a 19:00<\/td>\n<\/tr>\n<tr>\n<td>Dimanche<\/td>\n<td>10:30 a 13:30 - 16:00 a 19:00<\/td>\n<\/tr>\n<\/tbody>\n<\/table>\n<\/div>\n<\/div><\/div><\/div><\/div><div id=\"pg-525-2\"  class=\"panel-grid panel-has-style\" ><div class=\"siteorigin-panels-stretch panel-row-style panel-row-style-for-525-2\" data-stretch-type=\"full\" ><div id=\"pgc-525-2-0\"  class=\"panel-grid-cell\" ><div id=\"panel-525-2-0-0\" class=\"so-panel widget widget_sow-editor panel-first-child panel-last-child\" data-index=\"3\" ><div class=\"centrado panel-widget-style panel-widget-style-for-525-2-0-0\" ><div\n\t\t\t\n\t\t\tclass=\"so-widget-sow-editor so-widget-sow-editor-base\"\n\t\t\t\n\t\t>\n<div class=\"siteorigin-widget-tinymce textwidget\">\n\t<p><span style=\"text-align: center; color: #ffffff;\">Visites guid\u00e9es pour groupes apr\u00e8s les heures d'ouverture<\/span><\/p>\n<p><span style=\"text-align: center; font-family: 'Comfortaa', cursive; font-weight: 600; font-size: 3.25rem; color: #ffffff;\">Appelez-nous pour en organiser un!<\/span><\/p>\n<p><span style=\"text-align: center; font-family: 'Comfortaa', cursive; font-weight: 600; font-size: 2.75rem; color: #ffffff;\">+34 614.209.504<\/span><\/p>\n<\/div>\n<\/div><\/div><\/div><\/div><\/div><\/div><div id=\"pg-525-3\"  class=\"panel-grid panel-has-style\" ><div class=\"siteorigin-panels-stretch panel-row-style panel-row-style-for-525-3\" data-stretch-type=\"full\" ><div id=\"pgc-525-3-0\"  class=\"panel-grid-cell\" ><div id=\"panel-525-3-0-0\" class=\"so-panel widget widget_sow-headline panel-first-child\" data-index=\"4\" ><div\n\t\t\t\n\t\t\tclass=\"so-widget-sow-headline so-widget-sow-headline-default-b40b4fd83cc8-525 so-widget-fittext-wrapper\"\n\t\t\t data-fit-text-compressor=\"0\"\n\t\t><div class=\"sow-headline-container \">\n\t\t\t\t\t\t\t<h1 class=\"sow-headline\">\n\t\t\t\t\t\tVOUS POUVEZ NOUS TROUVER \u00c0\t\t\t\t\t\t<\/h1>\n\t\t\t\t\t\t\t\t\t\t\t\t<h2 class=\"sow-sub-headline\">\n\t\t\t\t\t\tCasa do Pescador \u2013 Cami\u00f1o de Arealonga, 1 - 15350 Cedeira - A Coru\u00f1a - Espagne\t\t\t\t\t\t<\/h2>\n\t\t\t\t\t\t<\/div>\n<\/div><\/div><div id=\"panel-525-3-0-1\" class=\"so-panel widget widget_sow-google-map panel-last-child\" data-index=\"5\" ><div\n\t\t\t\n\t\t\tclass=\"so-widget-sow-google-map so-widget-sow-google-map-default-05ebfd8f3122-525\"\n\t\t\t\n\t\t>\n<div class=\"sow-google-map-canvas\"\n\tstyle=\"\"\n\tid=\"map-canvas-4f184ca8fb68ac0eb0324827b5f36145\"\n\tdata-options=\"{&quot;address&quot;:&quot;Casa del Pescador, Cedeira, Coru\\u00f1a, Espa\\u00f1a&quot;,&quot;zoom&quot;:11,&quot;mobileZoom&quot;:11,&quot;gestureHandling&quot;:&quot;greedy&quot;,&quot;disableUi&quot;:false,&quot;markerIcon&quot;:false,&quot;markersDraggable&quot;:false,&quot;markerAtCenter&quot;:true,&quot;markerInfoDisplay&quot;:&quot;click&quot;,&quot;markerInfoMultiple&quot;:false,&quot;markerPositions&quot;:false,&quot;mapName&quot;:&quot;Carte personnalis\\u00e9e&quot;,&quot;mapStyles&quot;:[{&quot;featureType&quot;:&quot;administrative&quot;,&quot;elementType&quot;:&quot;geometry.fill&quot;,&quot;stylers&quot;:[{&quot;saturation&quot;:&quot;0&quot;}]},{&quot;featureType&quot;:&quot;administrative&quot;,&quot;elementType&quot;:&quot;geometry.stroke&quot;,&quot;stylers&quot;:[{&quot;color&quot;:&quot;#6e3a35&quot;},{&quot;saturation&quot;:&quot;0&quot;}]},{&quot;featureType&quot;:&quot;administrative&quot;,&quot;elementType&quot;:&quot;labels.text.fill&quot;,&quot;stylers&quot;:[{&quot;color&quot;:&quot;#6e3a35&quot;},{&quot;saturation&quot;:&quot;0&quot;}]},{&quot;featureType&quot;:&quot;administrative&quot;,&quot;elementType&quot;:&quot;labels.text.stroke&quot;,&quot;stylers&quot;:[{&quot;visibility&quot;:&quot;off&quot;}]},{&quot;featureType&quot;:&quot;administrative.locality&quot;,&quot;elementType&quot;:&quot;labels.icon&quot;,&quot;stylers&quot;:[{&quot;color&quot;:&quot;#6e3a35&quot;},{&quot;saturation&quot;:&quot;0&quot;},{&quot;visibility&quot;:&quot;on&quot;}]},{&quot;featureType&quot;:&quot;landscape&quot;,&quot;elementType&quot;:&quot;geometry.fill&quot;,&quot;stylers&quot;:[{&quot;color&quot;:&quot;#efebea&quot;},{&quot;saturation&quot;:&quot;0&quot;}]},{&quot;featureType&quot;:&quot;landscape&quot;,&quot;elementType&quot;:&quot;geometry.stroke&quot;,&quot;stylers&quot;:[{&quot;color&quot;:&quot;#af9d94&quot;},{&quot;saturation&quot;:&quot;0&quot;},{&quot;visibility&quot;:&quot;off&quot;}]},{&quot;featureType&quot;:&quot;landscape&quot;,&quot;elementType&quot;:&quot;labels.text.fill&quot;,&quot;stylers&quot;:[{&quot;color&quot;:&quot;#6e3a35&quot;},{&quot;saturation&quot;:&quot;0&quot;}]},{&quot;featureType&quot;:&quot;landscape&quot;,&quot;elementType&quot;:&quot;labels.text.stroke&quot;,&quot;stylers&quot;:[{&quot;visibility&quot;:&quot;off&quot;}]},{&quot;featureType&quot;:&quot;landscape.man_made&quot;,&quot;elementType&quot;:&quot;geometry.fill&quot;,&quot;stylers&quot;:[{&quot;saturation&quot;:&quot;0&quot;}]},{&quot;featureType&quot;:&quot;poi&quot;,&quot;elementType&quot;:&quot;geometry&quot;,&quot;stylers&quot;:[{&quot;hue&quot;:&quot;#ff0000&quot;},{&quot;saturation&quot;:&quot;34&quot;},{&quot;visibility&quot;:&quot;off&quot;}]},{&quot;featureType&quot;:&quot;poi&quot;,&quot;elementType&quot;:&quot;labels.text.fill&quot;,&quot;stylers&quot;:[{&quot;color&quot;:&quot;#6e3a35&quot;},{&quot;saturation&quot;:&quot;0&quot;}]},{&quot;featureType&quot;:&quot;poi&quot;,&quot;elementType&quot;:&quot;labels.text.stroke&quot;,&quot;stylers&quot;:[{&quot;visibility&quot;:&quot;off&quot;}]},{&quot;featureType&quot;:&quot;poi&quot;,&quot;elementType&quot;:&quot;labels.icon&quot;,&quot;stylers&quot;:[{&quot;visibility&quot;:&quot;off&quot;}]},{&quot;featureType&quot;:&quot;road&quot;,&quot;elementType&quot;:&quot;geometry.stroke&quot;,&quot;stylers&quot;:[{&quot;visibility&quot;:&quot;off&quot;}]},{&quot;featureType&quot;:&quot;road&quot;,&quot;elementType&quot;:&quot;labels.text.fill&quot;,&quot;stylers&quot;:[{&quot;color&quot;:&quot;#6e3a35&quot;}]},{&quot;featureType&quot;:&quot;road&quot;,&quot;elementType&quot;:&quot;labels.text.stroke&quot;,&quot;stylers&quot;:[{&quot;visibility&quot;:&quot;off&quot;}]},{&quot;featureType&quot;:&quot;road&quot;,&quot;elementType&quot;:&quot;labels.icon&quot;,&quot;stylers&quot;:[{&quot;visibility&quot;:&quot;off&quot;},{&quot;lightness&quot;:&quot;60&quot;},{&quot;gamma&quot;:&quot;1.00&quot;},{&quot;hue&quot;:&quot;#ff0000&quot;},{&quot;saturation&quot;:&quot;-90&quot;}]},{&quot;featureType&quot;:&quot;road.highway&quot;,&quot;elementType&quot;:&quot;geometry.fill&quot;,&quot;stylers&quot;:[{&quot;color&quot;:&quot;#ffffff&quot;},{&quot;saturation&quot;:&quot;0&quot;}]},{&quot;featureType&quot;:&quot;road.highway&quot;,&quot;elementType&quot;:&quot;labels.icon&quot;,&quot;stylers&quot;:[{&quot;visibility&quot;:&quot;simplified&quot;},{&quot;hue&quot;:&quot;#ff0000&quot;},{&quot;weight&quot;:&quot;0.01&quot;}]},{&quot;featureType&quot;:&quot;transit&quot;,&quot;elementType&quot;:&quot;geometry.fill&quot;,&quot;stylers&quot;:[{&quot;color&quot;:&quot;#bfb1a9&quot;},{&quot;saturation&quot;:&quot;0&quot;}]},{&quot;featureType&quot;:&quot;transit&quot;,&quot;elementType&quot;:&quot;geometry.stroke&quot;,&quot;stylers&quot;:[{&quot;color&quot;:&quot;#bfb1a9&quot;},{&quot;saturation&quot;:&quot;0&quot;}]},{&quot;featureType&quot;:&quot;transit&quot;,&quot;elementType&quot;:&quot;labels.text.fill&quot;,&quot;stylers&quot;:[{&quot;color&quot;:&quot;#6e3a35&quot;},{&quot;saturation&quot;:&quot;0&quot;}]},{&quot;featureType&quot;:&quot;transit&quot;,&quot;elementType&quot;:&quot;labels.text.stroke&quot;,&quot;stylers&quot;:[{&quot;visibility&quot;:&quot;off&quot;}]},{&quot;featureType&quot;:&quot;transit&quot;,&quot;elementType&quot;:&quot;labels.icon&quot;,&quot;stylers&quot;:[{&quot;visibility&quot;:&quot;on&quot;},{&quot;hue&quot;:&quot;#ff0000&quot;},{&quot;saturation&quot;:&quot;-90&quot;},{&quot;lightness&quot;:&quot;0&quot;},{&quot;gamma&quot;:&quot;1.00&quot;},{&quot;weight&quot;:&quot;1&quot;}]},{&quot;featureType&quot;:&quot;water&quot;,&quot;elementType&quot;:&quot;all&quot;,&quot;stylers&quot;:[{&quot;color&quot;:&quot;#dfd8d4&quot;},{&quot;saturation&quot;:&quot;0&quot;}]},{&quot;featureType&quot;:&quot;water&quot;,&quot;elementType&quot;:&quot;labels.text&quot;,&quot;stylers&quot;:[{&quot;saturation&quot;:&quot;0&quot;}]},{&quot;featureType&quot;:&quot;water&quot;,&quot;elementType&quot;:&quot;labels.text.fill&quot;,&quot;stylers&quot;:[{&quot;color&quot;:&quot;#6e3a35&quot;},{&quot;saturation&quot;:&quot;0&quot;}]},{&quot;featureType&quot;:&quot;water&quot;,&quot;elementType&quot;:&quot;labels.text.stroke&quot;,&quot;stylers&quot;:[{&quot;visibility&quot;:&quot;off&quot;}]},{&quot;featureType&quot;:&quot;water&quot;,&quot;elementType&quot;:&quot;labels.icon&quot;,&quot;stylers&quot;:[{&quot;visibility&quot;:&quot;off&quot;}]}],&quot;directions&quot;:&quot;&quot;,&quot;apiKey&quot;:&quot;&quot;,&quot;breakpoint&quot;:&quot;780&quot;}\"\n\tdata-fallback-image=\"{&quot;img&quot;:&quot;&quot;}\"><\/div>\n<\/div><\/div><\/div><div id=\"pgc-525-3-1\"  class=\"panel-grid-cell\" ><div id=\"panel-525-3-1-0\" class=\"so-panel widget widget_sow-headline panel-first-child\" data-index=\"6\" ><div\n\t\t\t\n\t\t\tclass=\"so-widget-sow-headline so-widget-sow-headline-default-b40b4fd83cc8-525\"\n\t\t\t\n\t\t><div class=\"sow-headline-container \">\n\t\t\t\t\t\t\t<h1 class=\"sow-headline\">\n\t\t\t\t\t\tENVOYEZ-NOUS UN MESSAGE\t\t\t\t\t\t<\/h1>\n\t\t\t\t\t\t\t\t\t\t\t\t<h2 class=\"sow-sub-headline\">\n\t\t\t\t\t\tNous vous r\u00e9pondrons dans les plus brefs d\u00e9lais.\t\t\t\t\t\t<\/h2>\n\t\t\t\t\t\t<\/div>\n<\/div><\/div><div id=\"panel-525-3-1-1\" class=\"so-panel widget widget_sow-contact-form panel-last-child\" data-index=\"7\" ><div\n\t\t\t\n\t\t\tclass=\"so-widget-sow-contact-form so-widget-sow-contact-form-default-65d450d10a26-525\"\n\t\t\t\n\t\t>\t<form\n\t\taction=\"\/fr\/wp-json\/wp\/v2\/pages\/525\"\n\t\tmethod=\"POST\"\n\t\tclass=\"sow-contact-form\"\n\t\tid=\"contact-form-7de5\"\n\t>\n\n\t\t\n\t\t\t\t\t<div class=\"sow-form-field sow-form-field-name\">\n\t\t\t\t<label class=\"sow-form-field-label-above\" for=\"sow-contact-form-field-votre-nom-1\">\n\t\t\t\t<strong>\n\t\t\t\t\tVotre nom\t\t\t\t\t\t\t\t\t<\/strong>\n\t\t\t<\/label>\n\t\t\t\t\t\t\t<div class=\"sow-field-container\">\n\t\t\t\t\t\t\t<input\n\t\t\ttype=\"text\"\n\t\t\tname=\"votre-nom-1\"\n\t\t\tid=\"sow-contact-form-field-votre-nom-1\"\n\t\t\tvalue=\"\"\n\t\t\tclass=\"sow-text-field\"\n\t\t\t\t\t\t\t\t\/>\n\t\t\t\t\t\t<\/div>\n\t\t\t\t\t\t\t<\/div>\n\t\t\t\t\t\t<div class=\"sow-form-field sow-form-field-email\">\n\t\t\t\t<label class=\"sow-form-field-label-above\" for=\"sow-contact-form-field-votre-email-1\">\n\t\t\t\t<strong>\n\t\t\t\t\tVotre email\t\t\t\t\t\t\t\t\t<\/strong>\n\t\t\t<\/label>\n\t\t\t\t\t\t\t<div class=\"sow-field-container\">\n\t\t\t\t\t\t\t<input\n\t\t\ttype=\"email\"\n\t\t\tname=\"votre-email-1\"\n\t\t\tid=\"sow-contact-form-field-votre-email-1\"\n\t\t\tvalue=\"\"\n\t\t\tclass=\"sow-text-field\"\t\t\t\t\t\t\t\t\/>\n\t\t\t\t\t\t<\/div>\n\t\t\t\t\t\t\t<\/div>\n\t\t\t\t\t\t<div class=\"sow-form-field sow-form-field-textarea\">\n\t\t\t\t<label class=\"sow-form-field-label-above\" for=\"sow-contact-form-field-votre-message-1\">\n\t\t\t\t<strong>\n\t\t\t\t\tVotre message\t\t\t\t\t\t\t\t\t<\/strong>\n\t\t\t<\/label>\n\t\t\t\t\t\t\t<div class=\"sow-field-container\">\n\t\t\t\t\t\t\t<textarea\n\t\t\tname=\"votre-message-1\"\n\t\t\tid=\"sow-contact-form-field-votre-message-1\"\n\t\t\trows=\"10\"\n\t\t\t\t\t\t\t\t><\/textarea>\n\t\t\t\t\t\t<\/div>\n\t\t\t\t\t\t\t<\/div>\n\t\t\t\t\t\t<div class=\"sow-form-field sow-form-field-radio\">\n\t\t\t\t\t\t\t\t<div class=\"sow-field-container\">\n\t\t\t\t\t\t\t\t<ul>\n\t\t\t\t\t\t\t\t\t<li>\n\t\t\t\t\t\t<label>\n\t\t\t\t\t\t\t<input\n\t\t\t\t\t\t\t\ttype=\"radio\"\n\t\t\t\t\t\t\t\tvalue=\"Oui\"\n\t\t\t\t\t\t\t\tname=\"3-1\"\n\t\t\t\t\t\t\t\tid=\"sow-contact-form-field-3-1-0\"\n\t\t\t\t\t\t\t\t\t\t\t\t\t\t\t\taria-describedby=\"sow-contact-form-field-3-1-description\" \t\t\t\t\t\t\t\/>\n\t\t\t\t\t\t\tOui\t\t\t\t\t\t<\/label>\n\t\t\t\t\t<\/li>\n\t\t\t\t\t\t\t\t\t<li>\n\t\t\t\t\t\t<label>\n\t\t\t\t\t\t\t<input\n\t\t\t\t\t\t\t\ttype=\"radio\"\n\t\t\t\t\t\t\t\tvalue=\"No\"\n\t\t\t\t\t\t\t\tname=\"3-1\"\n\t\t\t\t\t\t\t\tid=\"sow-contact-form-field-3-1-1\"\n\t\t\t\t\t\t\t\t\t\t\t\t\t\t\t\taria-describedby=\"sow-contact-form-field-3-1-description\" \t\t\t\t\t\t\t\/>\n\t\t\t\t\t\t\tNo\t\t\t\t\t\t<\/label>\n\t\t\t\t\t<\/li>\n\t\t\t\t\t\t\t<\/ul>\n\t\t\t\t\t\t\t\t<div\n\t\t\t\t\t\t\tclass=\"sow-form-field-description\"\n\t\t\t\t\t\t\tid=\"sow-contact-form-field-3-1-description\"\n\t\t\t\t\t\t>\n\t\t\t\t\t\t\tJ'accepte la politique de confidentialit\u00e9\t\t\t\t\t\t<\/div>\n\t\t\t\t\t\t\t\t\t\t<\/div>\n\t\t\t\t\t\t\t<\/div>\n\t\t\t\n\t\t\n\t\t<div class=\"sow-submit-wrapper \n\t\tsow-submit-styled\t\t\">\n\n\t\t\t<button\n\t\t\t\ttype=\"submit\"\n\t\t\t\tclass=\"sow-submit\n\t\t\t\t\t\t\t\t\"\n\t\t\t\t\t\t\t>\n\t\t\t\tContact avec nous\t\t\t<\/button>\n\t\t<\/div>\n\t\t\t\t<input\n\t\t\ttype=\"hidden\"\n\t\t\tname=\"instance_hash-1\"\n\t\t\tvalue=\"7de56279\"\n\t\t\/>\n\n\t\t<input type=\"hidden\" id=\"_wpnonce\" name=\"_wpnonce\" value=\"317434e0b2\" \/><input type=\"hidden\" name=\"_wp_http_referer\" value=\"\/fr\/wp-json\/wp\/v2\/pages\/525\" \/>\t<\/form>\n\t<\/div><\/div><\/div><\/div><\/div><\/div>","protected":false},"excerpt":{"rendered":"<p>&nbsp; Heures d&#8217;ouverture \u00c9t\u00e9 mai au septembre Ouvert du mercredi au dimanche Matin\u00e9es\u00a011:00-14:00 Apr\u00e8s-midi 16:00-19:00 &nbsp; Horaires d&#8217;ouverture Hiver septembre au april &nbsp; Jour Horaire Lundi et Mardi Ferm\u00e9 Mercredi et jeudi 10:30 a 13:30 Vendredi 10:30 a 13:30 &#8211; 16:00 a 19:00 Samedi 10:30 a 14:00 &#8211; 16:00 a 19:00 Dimanche 10:30 a 13:30 &#8211; 16:00 a 19:00<\/p>\n","protected":false},"author":1,"featured_media":0,"parent":0,"menu_order":0,"comment_status":"closed","ping_status":"closed","template":"","meta":{"footnotes":""},"class_list":["post-525","page","type-page","status-publish","hentry"],"yoast_head":"<!-- This site is optimized with the Yoast SEO plugin v27.3 - https:\/\/yoast.com\/product\/yoast-seo-wordpress\/ -->\n<title>Contactez-nous - Museo Mares de Cedeira<\/title>\n<meta name=\"robots\" content=\"index, follow, max-snippet:-1, max-image-preview:large, max-video-preview:-1\" \/>\n<link rel=\"canonical\" href=\"https:\/\/maresdecedeira.gal\/fr\/contactez-nous\/\" \/>\n<meta property=\"og:locale\" content=\"fr_FR\" \/>\n<meta property=\"og:type\" content=\"article\" \/>\n<meta property=\"og:title\" content=\"Contactez-nous - Museo Mares de Cedeira\" \/>\n<meta property=\"og:description\" content=\"&nbsp; Heures d&#039;ouverture \u00c9t\u00e9 mai au septembre Ouvert du mercredi au dimanche Matin\u00e9es\u00a011:00-14:00 Apr\u00e8s-midi 16:00-19:00 &nbsp; Horaires d&#039;ouverture Hiver septembre au april &nbsp; Jour Horaire Lundi et Mardi Ferm\u00e9 Mercredi et jeudi 10:30 a 13:30 Vendredi 10:30 a 13:30 - 16:00 a 19:00 Samedi 10:30 a 14:00 - 16:00 a 19:00 Dimanche 10:30 a 13:30 - 16:00 a 19:00\" \/>\n<meta property=\"og:url\" content=\"https:\/\/maresdecedeira.gal\/fr\/contactez-nous\/\" \/>\n<meta property=\"og:site_name\" content=\"Museo Mares de Cedeira\" \/>\n<meta property=\"article:modified_time\" content=\"2024-12-08T21:26:55+00:00\" \/>\n<meta name=\"twitter:card\" content=\"summary_large_image\" \/>\n<meta name=\"twitter:label1\" content=\"Dur\u00e9e de lecture estim\u00e9e\" \/>\n\t<meta name=\"twitter:data1\" content=\"1 minute\" \/>\n<script type=\"application\/ld+json\" class=\"yoast-schema-graph\">{\"@context\":\"https:\\\/\\\/schema.org\",\"@graph\":[{\"@type\":\"WebPage\",\"@id\":\"https:\\\/\\\/maresdecedeira.gal\\\/fr\\\/contactez-nous\\\/\",\"url\":\"https:\\\/\\\/maresdecedeira.gal\\\/fr\\\/contactez-nous\\\/\",\"name\":\"Contactez-nous - Museo Mares de Cedeira\",\"isPartOf\":{\"@id\":\"https:\\\/\\\/maresdecedeira.gal\\\/#website\"},\"datePublished\":\"2017-11-25T16:22:32+00:00\",\"dateModified\":\"2024-12-08T21:26:55+00:00\",\"breadcrumb\":{\"@id\":\"https:\\\/\\\/maresdecedeira.gal\\\/fr\\\/contactez-nous\\\/#breadcrumb\"},\"inLanguage\":\"fr-FR\",\"potentialAction\":[{\"@type\":\"ReadAction\",\"target\":[\"https:\\\/\\\/maresdecedeira.gal\\\/fr\\\/contactez-nous\\\/\"]}]},{\"@type\":\"BreadcrumbList\",\"@id\":\"https:\\\/\\\/maresdecedeira.gal\\\/fr\\\/contactez-nous\\\/#breadcrumb\",\"itemListElement\":[{\"@type\":\"ListItem\",\"position\":1,\"name\":\"Portada\",\"item\":\"https:\\\/\\\/maresdecedeira.gal\\\/fr\\\/\"},{\"@type\":\"ListItem\",\"position\":2,\"name\":\"Contactez-nous\"}]},{\"@type\":\"WebSite\",\"@id\":\"https:\\\/\\\/maresdecedeira.gal\\\/#website\",\"url\":\"https:\\\/\\\/maresdecedeira.gal\\\/\",\"name\":\"Museo Mares de Cedeira\",\"description\":\"La Caja fuerte del patrimonio marinero de Cedeira\",\"potentialAction\":[{\"@type\":\"SearchAction\",\"target\":{\"@type\":\"EntryPoint\",\"urlTemplate\":\"https:\\\/\\\/maresdecedeira.gal\\\/?s={search_term_string}\"},\"query-input\":{\"@type\":\"PropertyValueSpecification\",\"valueRequired\":true,\"valueName\":\"search_term_string\"}}],\"inLanguage\":\"fr-FR\"}]}<\/script>\n<!-- \/ Yoast SEO plugin. -->","yoast_head_json":{"title":"Contactez-nous - Museo Mares de Cedeira","robots":{"index":"index","follow":"follow","max-snippet":"max-snippet:-1","max-image-preview":"max-image-preview:large","max-video-preview":"max-video-preview:-1"},"canonical":"https:\/\/maresdecedeira.gal\/fr\/contactez-nous\/","og_locale":"fr_FR","og_type":"article","og_title":"Contactez-nous - Museo Mares de Cedeira","og_description":"&nbsp; Heures d'ouverture \u00c9t\u00e9 mai au septembre Ouvert du mercredi au dimanche Matin\u00e9es\u00a011:00-14:00 Apr\u00e8s-midi 16:00-19:00 &nbsp; Horaires d'ouverture Hiver septembre au april &nbsp; Jour Horaire Lundi et Mardi Ferm\u00e9 Mercredi et jeudi 10:30 a 13:30 Vendredi 10:30 a 13:30 - 16:00 a 19:00 Samedi 10:30 a 14:00 - 16:00 a 19:00 Dimanche 10:30 a 13:30 - 16:00 a 19:00","og_url":"https:\/\/maresdecedeira.gal\/fr\/contactez-nous\/","og_site_name":"Museo Mares de Cedeira","article_modified_time":"2024-12-08T21:26:55+00:00","twitter_card":"summary_large_image","twitter_misc":{"Dur\u00e9e de lecture estim\u00e9e":"1 minute"},"schema":{"@context":"https:\/\/schema.org","@graph":[{"@type":"WebPage","@id":"https:\/\/maresdecedeira.gal\/fr\/contactez-nous\/","url":"https:\/\/maresdecedeira.gal\/fr\/contactez-nous\/","name":"Contactez-nous - Museo Mares de Cedeira","isPartOf":{"@id":"https:\/\/maresdecedeira.gal\/#website"},"datePublished":"2017-11-25T16:22:32+00:00","dateModified":"2024-12-08T21:26:55+00:00","breadcrumb":{"@id":"https:\/\/maresdecedeira.gal\/fr\/contactez-nous\/#breadcrumb"},"inLanguage":"fr-FR","potentialAction":[{"@type":"ReadAction","target":["https:\/\/maresdecedeira.gal\/fr\/contactez-nous\/"]}]},{"@type":"BreadcrumbList","@id":"https:\/\/maresdecedeira.gal\/fr\/contactez-nous\/#breadcrumb","itemListElement":[{"@type":"ListItem","position":1,"name":"Portada","item":"https:\/\/maresdecedeira.gal\/fr\/"},{"@type":"ListItem","position":2,"name":"Contactez-nous"}]},{"@type":"WebSite","@id":"https:\/\/maresdecedeira.gal\/#website","url":"https:\/\/maresdecedeira.gal\/","name":"Museo Mares de Cedeira","description":"La Caja fuerte del patrimonio marinero de Cedeira","potentialAction":[{"@type":"SearchAction","target":{"@type":"EntryPoint","urlTemplate":"https:\/\/maresdecedeira.gal\/?s={search_term_string}"},"query-input":{"@type":"PropertyValueSpecification","valueRequired":true,"valueName":"search_term_string"}}],"inLanguage":"fr-FR"}]}},"_links":{"self":[{"href":"https:\/\/maresdecedeira.gal\/fr\/wp-json\/wp\/v2\/pages\/525","targetHints":{"allow":["GET"]}}],"collection":[{"href":"https:\/\/maresdecedeira.gal\/fr\/wp-json\/wp\/v2\/pages"}],"about":[{"href":"https:\/\/maresdecedeira.gal\/fr\/wp-json\/wp\/v2\/types\/page"}],"author":[{"embeddable":true,"href":"https:\/\/maresdecedeira.gal\/fr\/wp-json\/wp\/v2\/users\/1"}],"replies":[{"embeddable":true,"href":"https:\/\/maresdecedeira.gal\/fr\/wp-json\/wp\/v2\/comments?post=525"}],"version-history":[{"count":15,"href":"https:\/\/maresdecedeira.gal\/fr\/wp-json\/wp\/v2\/pages\/525\/revisions"}],"predecessor-version":[{"id":898,"href":"https:\/\/maresdecedeira.gal\/fr\/wp-json\/wp\/v2\/pages\/525\/revisions\/898"}],"wp:attachment":[{"href":"https:\/\/maresdecedeira.gal\/fr\/wp-json\/wp\/v2\/media?parent=525"}],"curies":[{"name":"wp","href":"https:\/\/api.w.org\/{rel}","templated":true}]}}