{"id":516,"date":"2017-11-25T17:15:39","date_gmt":"2017-11-25T16:15:39","guid":{"rendered":"https:\/\/maresdecedeira.gal\/?page_id=516"},"modified":"2017-11-25T17:15:39","modified_gmt":"2017-11-25T16:15:39","slug":"chambre-bateau","status":"publish","type":"page","link":"https:\/\/maresdecedeira.gal\/fr\/chambre-bateau\/","title":{"rendered":"Chambre bateau"},"content":{"rendered":"<div id=\"pl-516\"  class=\"panel-layout\" ><div id=\"pg-516-0\"  class=\"panel-grid panel-no-style\" ><div id=\"pgc-516-0-0\"  class=\"panel-grid-cell\" ><div id=\"panel-516-0-0-0\" class=\"so-panel widget widget_sow-slider panel-first-child panel-last-child\" data-index=\"0\" ><div\n\t\t\t\n\t\t\tclass=\"so-widget-sow-slider so-widget-sow-slider-default-5c098e9ef666-516\"\n\t\t\t\n\t\t>\t\t\t\t<div class=\"sow-slider-base\" style=\"display: none\" tabindex=\"0\">\n\t\t\t\t\t<ul\n\t\t\t\t\tclass=\"sow-slider-images\"\n\t\t\t\t\tdata-settings=\"{&quot;pagination&quot;:true,&quot;speed&quot;:800,&quot;timeout&quot;:8000,&quot;paused&quot;:false,&quot;pause_on_hover&quot;:false,&quot;swipe&quot;:true,&quot;nav_always_show_desktop&quot;:&quot;&quot;,&quot;nav_always_show_mobile&quot;:&quot;&quot;,&quot;breakpoint&quot;:&quot;780px&quot;,&quot;unmute&quot;:false,&quot;anchor&quot;:null}\"\n\t\t\t\t\t\t\t\t\t\tdata-anchor-id=\"\"\n\t\t\t\t>\t\t<li class=\"sow-slider-image\" style=\"visibility: visible;;cursor: pointer;\" >\n\t\t\t\t\t\t<div class=\"sow-slider-image-container\">\n\t\t\t\t<div class=\"sow-slider-image-wrapper\" style=\"max-width: 2560px\">\n\t\t\t\t\t\t\t\t\t\t\t<a href=\"https:\/\/maresdecedeira.gal\/wp-content\/uploads\/2017\/11\/Timon-de-barco-de-Cedeira-Sala-de-Embarcaciones.jpgG_.jpg\"\n\t\t\t\t\t\t\t\t\t\t\t\t\t\t\t\t\t\t\t\t\tdata-lightbox=\"5a15f099788b8\" \t\t\t\t\t\t\t\t\t\t\t\t\t>\n\t\t\t\t\t\t\t\t\t\t<div class=\"sow-slider-image-foreground-wrapper\">\n\t\t\t\t\t\t<img loading=\"lazy\" decoding=\"async\" width=\"2560\" height=\"1707\" src=\"https:\/\/maresdecedeira.gal\/wp-content\/uploads\/2017\/11\/Timon-de-barco-de-Cedeira-Sala-de-Embarcaciones.jpgG_.jpg\" class=\"sow-slider-foreground-image\" alt=\"Timon de barco de Cedeira - Sala de Embarcaciones.jpgG\" style=\"\" srcset=\"https:\/\/maresdecedeira.gal\/wp-content\/uploads\/2017\/11\/Timon-de-barco-de-Cedeira-Sala-de-Embarcaciones.jpgG_.jpg 2560w, https:\/\/maresdecedeira.gal\/wp-content\/uploads\/2017\/11\/Timon-de-barco-de-Cedeira-Sala-de-Embarcaciones.jpgG_-300x200.jpg 300w, https:\/\/maresdecedeira.gal\/wp-content\/uploads\/2017\/11\/Timon-de-barco-de-Cedeira-Sala-de-Embarcaciones.jpgG_-768x512.jpg 768w, https:\/\/maresdecedeira.gal\/wp-content\/uploads\/2017\/11\/Timon-de-barco-de-Cedeira-Sala-de-Embarcaciones.jpgG_-1024x683.jpg 1024w, https:\/\/maresdecedeira.gal\/wp-content\/uploads\/2017\/11\/Timon-de-barco-de-Cedeira-Sala-de-Embarcaciones.jpgG_-958x639.jpg 958w, https:\/\/maresdecedeira.gal\/wp-content\/uploads\/2017\/11\/Timon-de-barco-de-Cedeira-Sala-de-Embarcaciones.jpgG_-600x400.jpg 600w, https:\/\/maresdecedeira.gal\/wp-content\/uploads\/2017\/11\/Timon-de-barco-de-Cedeira-Sala-de-Embarcaciones.jpgG_-272x182.jpg 272w\" sizes=\"auto, (max-width: 2560px) 100vw, 2560px\" \/>\t\t\t\t\t<\/div>\n\t\t\t\t\t\t\t\t\t\t\t<\/a>\n\t\t\t\t\t\t\t\t\t<\/div>\n\t\t\t<\/div>\n\t\t\t\t\t<\/li>\n\t\t\t\t<li class=\"sow-slider-image\" style=\"visibility: hidden;;cursor: pointer;\" >\n\t\t\t\t\t\t<div class=\"sow-slider-image-container\">\n\t\t\t\t<div class=\"sow-slider-image-wrapper\" style=\"max-width: 2560px\">\n\t\t\t\t\t\t\t\t\t\t\t<a href=\"https:\/\/maresdecedeira.gal\/wp-content\/uploads\/2017\/11\/Ejemplo-de-embarcaciones-tipicas-de-Cedeira-Museo-Mares-de-Cedeira-1.jpg\"\n\t\t\t\t\t\t\t\t\t\t\t\t\t\t\t\t\t\t\t\t\tdata-lightbox=\"5a15f099788b8\" \t\t\t\t\t\t\t\t\t\t\t\t\t>\n\t\t\t\t\t\t\t\t\t\t<div class=\"sow-slider-image-foreground-wrapper\">\n\t\t\t\t\t\t<img loading=\"lazy\" decoding=\"async\" width=\"2560\" height=\"1707\" src=\"https:\/\/maresdecedeira.gal\/wp-content\/uploads\/2017\/11\/Ejemplo-de-embarcaciones-tipicas-de-Cedeira-Museo-Mares-de-Cedeira-1.jpg\" class=\"sow-slider-foreground-image\" alt=\"Ejemplo de embarcaciones tipicas de Cedeira - Museo Mares de Cedeira\" style=\"\" srcset=\"https:\/\/maresdecedeira.gal\/wp-content\/uploads\/2017\/11\/Ejemplo-de-embarcaciones-tipicas-de-Cedeira-Museo-Mares-de-Cedeira-1.jpg 2560w, https:\/\/maresdecedeira.gal\/wp-content\/uploads\/2017\/11\/Ejemplo-de-embarcaciones-tipicas-de-Cedeira-Museo-Mares-de-Cedeira-1-300x200.jpg 300w, https:\/\/maresdecedeira.gal\/wp-content\/uploads\/2017\/11\/Ejemplo-de-embarcaciones-tipicas-de-Cedeira-Museo-Mares-de-Cedeira-1-768x512.jpg 768w, https:\/\/maresdecedeira.gal\/wp-content\/uploads\/2017\/11\/Ejemplo-de-embarcaciones-tipicas-de-Cedeira-Museo-Mares-de-Cedeira-1-1024x683.jpg 1024w, https:\/\/maresdecedeira.gal\/wp-content\/uploads\/2017\/11\/Ejemplo-de-embarcaciones-tipicas-de-Cedeira-Museo-Mares-de-Cedeira-1-958x639.jpg 958w, https:\/\/maresdecedeira.gal\/wp-content\/uploads\/2017\/11\/Ejemplo-de-embarcaciones-tipicas-de-Cedeira-Museo-Mares-de-Cedeira-1-600x400.jpg 600w, https:\/\/maresdecedeira.gal\/wp-content\/uploads\/2017\/11\/Ejemplo-de-embarcaciones-tipicas-de-Cedeira-Museo-Mares-de-Cedeira-1-272x182.jpg 272w\" sizes=\"auto, (max-width: 2560px) 100vw, 2560px\" \/>\t\t\t\t\t<\/div>\n\t\t\t\t\t\t\t\t\t\t\t<\/a>\n\t\t\t\t\t\t\t\t\t<\/div>\n\t\t\t<\/div>\n\t\t\t\t\t<\/li>\n\t\t\t\t<li class=\"sow-slider-image\" style=\"visibility: hidden;;cursor: pointer;\" >\n\t\t\t\t\t\t<div class=\"sow-slider-image-container\">\n\t\t\t\t<div class=\"sow-slider-image-wrapper\" style=\"max-width: 2560px\">\n\t\t\t\t\t\t\t\t\t\t\t<a href=\"https:\/\/maresdecedeira.gal\/wp-content\/uploads\/2017\/11\/Ejemplo-de-maqueta-de-barco-tipico-de-Cedeira-Museo-Mares-de-Cedeira.jpg\"\n\t\t\t\t\t\t\t\t\t\t\t\t\t\t\t\t\t\t\t\t\tdata-lightbox=\"5a15f099788b8\" \t\t\t\t\t\t\t\t\t\t\t\t\t>\n\t\t\t\t\t\t\t\t\t\t<div class=\"sow-slider-image-foreground-wrapper\">\n\t\t\t\t\t\t<img loading=\"lazy\" decoding=\"async\" width=\"2560\" height=\"1707\" src=\"https:\/\/maresdecedeira.gal\/wp-content\/uploads\/2017\/11\/Ejemplo-de-maqueta-de-barco-tipico-de-Cedeira-Museo-Mares-de-Cedeira.jpg\" class=\"sow-slider-foreground-image\" alt=\"Ejemplo de maqueta de barco tipico de Cedeira - Museo Mares de Cedeira\" style=\"\" srcset=\"https:\/\/maresdecedeira.gal\/wp-content\/uploads\/2017\/11\/Ejemplo-de-maqueta-de-barco-tipico-de-Cedeira-Museo-Mares-de-Cedeira.jpg 2560w, https:\/\/maresdecedeira.gal\/wp-content\/uploads\/2017\/11\/Ejemplo-de-maqueta-de-barco-tipico-de-Cedeira-Museo-Mares-de-Cedeira-300x200.jpg 300w, https:\/\/maresdecedeira.gal\/wp-content\/uploads\/2017\/11\/Ejemplo-de-maqueta-de-barco-tipico-de-Cedeira-Museo-Mares-de-Cedeira-768x512.jpg 768w, https:\/\/maresdecedeira.gal\/wp-content\/uploads\/2017\/11\/Ejemplo-de-maqueta-de-barco-tipico-de-Cedeira-Museo-Mares-de-Cedeira-1024x683.jpg 1024w, https:\/\/maresdecedeira.gal\/wp-content\/uploads\/2017\/11\/Ejemplo-de-maqueta-de-barco-tipico-de-Cedeira-Museo-Mares-de-Cedeira-958x639.jpg 958w, https:\/\/maresdecedeira.gal\/wp-content\/uploads\/2017\/11\/Ejemplo-de-maqueta-de-barco-tipico-de-Cedeira-Museo-Mares-de-Cedeira-600x400.jpg 600w, https:\/\/maresdecedeira.gal\/wp-content\/uploads\/2017\/11\/Ejemplo-de-maqueta-de-barco-tipico-de-Cedeira-Museo-Mares-de-Cedeira-272x182.jpg 272w\" sizes=\"auto, (max-width: 2560px) 100vw, 2560px\" \/>\t\t\t\t\t<\/div>\n\t\t\t\t\t\t\t\t\t\t\t<\/a>\n\t\t\t\t\t\t\t\t\t<\/div>\n\t\t\t<\/div>\n\t\t\t\t\t<\/li>\n\t\t\t\t<li class=\"sow-slider-image\" style=\"visibility: hidden;;cursor: pointer;\" >\n\t\t\t\t\t\t<div class=\"sow-slider-image-container\">\n\t\t\t\t<div class=\"sow-slider-image-wrapper\" style=\"max-width: 2560px\">\n\t\t\t\t\t\t\t\t\t\t\t<a href=\"https:\/\/maresdecedeira.gal\/wp-content\/uploads\/2017\/11\/Embarcacion-tradicional-cedeiresa-dentro-del-museo-Museo-Mares-de-Cedeira-1.jpg\"\n\t\t\t\t\t\t\t\t\t\t\t\t\t\t\t\t\t\t\t\t\tdata-lightbox=\"5a15f099788b8\" \t\t\t\t\t\t\t\t\t\t\t\t\t>\n\t\t\t\t\t\t\t\t\t\t<div class=\"sow-slider-image-foreground-wrapper\">\n\t\t\t\t\t\t<img loading=\"lazy\" decoding=\"async\" width=\"2560\" height=\"1707\" src=\"https:\/\/maresdecedeira.gal\/wp-content\/uploads\/2017\/11\/Embarcacion-tradicional-cedeiresa-dentro-del-museo-Museo-Mares-de-Cedeira-1.jpg\" class=\"sow-slider-foreground-image\" alt=\"Embarcacion tradicional cedeiresa dentro del museo - Museo Mares de Cedeira\" style=\"\" srcset=\"https:\/\/maresdecedeira.gal\/wp-content\/uploads\/2017\/11\/Embarcacion-tradicional-cedeiresa-dentro-del-museo-Museo-Mares-de-Cedeira-1.jpg 2560w, https:\/\/maresdecedeira.gal\/wp-content\/uploads\/2017\/11\/Embarcacion-tradicional-cedeiresa-dentro-del-museo-Museo-Mares-de-Cedeira-1-300x200.jpg 300w, https:\/\/maresdecedeira.gal\/wp-content\/uploads\/2017\/11\/Embarcacion-tradicional-cedeiresa-dentro-del-museo-Museo-Mares-de-Cedeira-1-768x512.jpg 768w, https:\/\/maresdecedeira.gal\/wp-content\/uploads\/2017\/11\/Embarcacion-tradicional-cedeiresa-dentro-del-museo-Museo-Mares-de-Cedeira-1-1024x683.jpg 1024w, https:\/\/maresdecedeira.gal\/wp-content\/uploads\/2017\/11\/Embarcacion-tradicional-cedeiresa-dentro-del-museo-Museo-Mares-de-Cedeira-1-958x639.jpg 958w, https:\/\/maresdecedeira.gal\/wp-content\/uploads\/2017\/11\/Embarcacion-tradicional-cedeiresa-dentro-del-museo-Museo-Mares-de-Cedeira-1-600x400.jpg 600w, https:\/\/maresdecedeira.gal\/wp-content\/uploads\/2017\/11\/Embarcacion-tradicional-cedeiresa-dentro-del-museo-Museo-Mares-de-Cedeira-1-272x182.jpg 272w\" sizes=\"auto, (max-width: 2560px) 100vw, 2560px\" \/>\t\t\t\t\t<\/div>\n\t\t\t\t\t\t\t\t\t\t\t<\/a>\n\t\t\t\t\t\t\t\t\t<\/div>\n\t\t\t<\/div>\n\t\t\t\t\t<\/li>\n\t\t\t\t<li class=\"sow-slider-image\" style=\"visibility: hidden;;cursor: pointer;\" >\n\t\t\t\t\t\t<div class=\"sow-slider-image-container\">\n\t\t\t\t<div class=\"sow-slider-image-wrapper\" style=\"max-width: 2560px\">\n\t\t\t\t\t\t\t\t\t\t\t<a href=\"https:\/\/maresdecedeira.gal\/wp-content\/uploads\/2017\/11\/Embarcaciones-en-la-sala-de-embarcacionesEjemplo-de-embarcaciones-tipicas-de-Cedeira-Museo-Mares-de-Cedeira.jpg\"\n\t\t\t\t\t\t\t\t\t\t\t\t\t\t\t\t\t\t\t\t\tdata-lightbox=\"5a15f099788b8\" \t\t\t\t\t\t\t\t\t\t\t\t\t>\n\t\t\t\t\t\t\t\t\t\t<div class=\"sow-slider-image-foreground-wrapper\">\n\t\t\t\t\t\t<img loading=\"lazy\" decoding=\"async\" width=\"2560\" height=\"1707\" src=\"https:\/\/maresdecedeira.gal\/wp-content\/uploads\/2017\/11\/Embarcaciones-en-la-sala-de-embarcacionesEjemplo-de-embarcaciones-tipicas-de-Cedeira-Museo-Mares-de-Cedeira.jpg\" class=\"sow-slider-foreground-image\" alt=\"Embarcaciones en la sala de embarcacionesEjemplo de embarcaciones tipicas de Cedeira - Museo Mares de Cedeira\" style=\"\" srcset=\"https:\/\/maresdecedeira.gal\/wp-content\/uploads\/2017\/11\/Embarcaciones-en-la-sala-de-embarcacionesEjemplo-de-embarcaciones-tipicas-de-Cedeira-Museo-Mares-de-Cedeira.jpg 2560w, https:\/\/maresdecedeira.gal\/wp-content\/uploads\/2017\/11\/Embarcaciones-en-la-sala-de-embarcacionesEjemplo-de-embarcaciones-tipicas-de-Cedeira-Museo-Mares-de-Cedeira-300x200.jpg 300w, https:\/\/maresdecedeira.gal\/wp-content\/uploads\/2017\/11\/Embarcaciones-en-la-sala-de-embarcacionesEjemplo-de-embarcaciones-tipicas-de-Cedeira-Museo-Mares-de-Cedeira-768x512.jpg 768w, https:\/\/maresdecedeira.gal\/wp-content\/uploads\/2017\/11\/Embarcaciones-en-la-sala-de-embarcacionesEjemplo-de-embarcaciones-tipicas-de-Cedeira-Museo-Mares-de-Cedeira-1024x683.jpg 1024w, https:\/\/maresdecedeira.gal\/wp-content\/uploads\/2017\/11\/Embarcaciones-en-la-sala-de-embarcacionesEjemplo-de-embarcaciones-tipicas-de-Cedeira-Museo-Mares-de-Cedeira-958x639.jpg 958w, https:\/\/maresdecedeira.gal\/wp-content\/uploads\/2017\/11\/Embarcaciones-en-la-sala-de-embarcacionesEjemplo-de-embarcaciones-tipicas-de-Cedeira-Museo-Mares-de-Cedeira-600x400.jpg 600w, https:\/\/maresdecedeira.gal\/wp-content\/uploads\/2017\/11\/Embarcaciones-en-la-sala-de-embarcacionesEjemplo-de-embarcaciones-tipicas-de-Cedeira-Museo-Mares-de-Cedeira-272x182.jpg 272w\" sizes=\"auto, (max-width: 2560px) 100vw, 2560px\" \/>\t\t\t\t\t<\/div>\n\t\t\t\t\t\t\t\t\t\t\t<\/a>\n\t\t\t\t\t\t\t\t\t<\/div>\n\t\t\t<\/div>\n\t\t\t\t\t<\/li>\n\t\t\t\t<li class=\"sow-slider-image\" style=\"visibility: hidden;;cursor: pointer;\" >\n\t\t\t\t\t\t<div class=\"sow-slider-image-container\">\n\t\t\t\t<div class=\"sow-slider-image-wrapper\" style=\"max-width: 2560px\">\n\t\t\t\t\t\t\t\t\t\t\t<a href=\"https:\/\/maresdecedeira.gal\/wp-content\/uploads\/2017\/11\/Embarcaciones-tradicionales-gallegas-en-Blanco-y-Negro-Museo-Mares-de-Cedeira-1.jpg\"\n\t\t\t\t\t\t\t\t\t\t\t\t\t\t\t\t\t\t\t\t\tdata-lightbox=\"5a15f099788b8\" \t\t\t\t\t\t\t\t\t\t\t\t\t>\n\t\t\t\t\t\t\t\t\t\t<div class=\"sow-slider-image-foreground-wrapper\">\n\t\t\t\t\t\t<img loading=\"lazy\" decoding=\"async\" width=\"2560\" height=\"1707\" src=\"https:\/\/maresdecedeira.gal\/wp-content\/uploads\/2017\/11\/Embarcaciones-tradicionales-gallegas-en-Blanco-y-Negro-Museo-Mares-de-Cedeira-1.jpg\" class=\"sow-slider-foreground-image\" alt=\"Embarcaciones tradicionales gallegas en Blanco y Negro - Museo Mares de Cedeira\" style=\"\" srcset=\"https:\/\/maresdecedeira.gal\/wp-content\/uploads\/2017\/11\/Embarcaciones-tradicionales-gallegas-en-Blanco-y-Negro-Museo-Mares-de-Cedeira-1.jpg 2560w, https:\/\/maresdecedeira.gal\/wp-content\/uploads\/2017\/11\/Embarcaciones-tradicionales-gallegas-en-Blanco-y-Negro-Museo-Mares-de-Cedeira-1-300x200.jpg 300w, https:\/\/maresdecedeira.gal\/wp-content\/uploads\/2017\/11\/Embarcaciones-tradicionales-gallegas-en-Blanco-y-Negro-Museo-Mares-de-Cedeira-1-768x512.jpg 768w, https:\/\/maresdecedeira.gal\/wp-content\/uploads\/2017\/11\/Embarcaciones-tradicionales-gallegas-en-Blanco-y-Negro-Museo-Mares-de-Cedeira-1-1024x683.jpg 1024w, https:\/\/maresdecedeira.gal\/wp-content\/uploads\/2017\/11\/Embarcaciones-tradicionales-gallegas-en-Blanco-y-Negro-Museo-Mares-de-Cedeira-1-958x639.jpg 958w, https:\/\/maresdecedeira.gal\/wp-content\/uploads\/2017\/11\/Embarcaciones-tradicionales-gallegas-en-Blanco-y-Negro-Museo-Mares-de-Cedeira-1-600x400.jpg 600w, https:\/\/maresdecedeira.gal\/wp-content\/uploads\/2017\/11\/Embarcaciones-tradicionales-gallegas-en-Blanco-y-Negro-Museo-Mares-de-Cedeira-1-272x182.jpg 272w\" sizes=\"auto, (max-width: 2560px) 100vw, 2560px\" \/>\t\t\t\t\t<\/div>\n\t\t\t\t\t\t\t\t\t\t\t<\/a>\n\t\t\t\t\t\t\t\t\t<\/div>\n\t\t\t<\/div>\n\t\t\t\t\t<\/li>\n\t\t\t\t<li class=\"sow-slider-image\" style=\"visibility: hidden;;cursor: pointer;\" >\n\t\t\t\t\t\t<div class=\"sow-slider-image-container\">\n\t\t\t\t<div class=\"sow-slider-image-wrapper\" style=\"max-width: 2560px\">\n\t\t\t\t\t\t\t\t\t\t\t<a href=\"https:\/\/maresdecedeira.gal\/wp-content\/uploads\/2017\/11\/Preciosa-maqueta-de-barco-tradicional-de-Cedeira-matriculado-en-Ferrol-Museo-Mares-de-Cedeira.jpg\"\n\t\t\t\t\t\t\t\t\t\t\t\t\t\t\t\t\t\t\t\t\tdata-lightbox=\"5a15f099788b8\" \t\t\t\t\t\t\t\t\t\t\t\t\t>\n\t\t\t\t\t\t\t\t\t\t<div class=\"sow-slider-image-foreground-wrapper\">\n\t\t\t\t\t\t<img loading=\"lazy\" decoding=\"async\" width=\"2560\" height=\"1707\" src=\"https:\/\/maresdecedeira.gal\/wp-content\/uploads\/2017\/11\/Preciosa-maqueta-de-barco-tradicional-de-Cedeira-matriculado-en-Ferrol-Museo-Mares-de-Cedeira.jpg\" class=\"sow-slider-foreground-image\" alt=\"Preciosa maqueta de barco tradicional de Cedeira matriculado en Ferrol - Museo Mares de Cedeira\" style=\"\" srcset=\"https:\/\/maresdecedeira.gal\/wp-content\/uploads\/2017\/11\/Preciosa-maqueta-de-barco-tradicional-de-Cedeira-matriculado-en-Ferrol-Museo-Mares-de-Cedeira.jpg 2560w, https:\/\/maresdecedeira.gal\/wp-content\/uploads\/2017\/11\/Preciosa-maqueta-de-barco-tradicional-de-Cedeira-matriculado-en-Ferrol-Museo-Mares-de-Cedeira-300x200.jpg 300w, https:\/\/maresdecedeira.gal\/wp-content\/uploads\/2017\/11\/Preciosa-maqueta-de-barco-tradicional-de-Cedeira-matriculado-en-Ferrol-Museo-Mares-de-Cedeira-768x512.jpg 768w, https:\/\/maresdecedeira.gal\/wp-content\/uploads\/2017\/11\/Preciosa-maqueta-de-barco-tradicional-de-Cedeira-matriculado-en-Ferrol-Museo-Mares-de-Cedeira-1024x683.jpg 1024w, https:\/\/maresdecedeira.gal\/wp-content\/uploads\/2017\/11\/Preciosa-maqueta-de-barco-tradicional-de-Cedeira-matriculado-en-Ferrol-Museo-Mares-de-Cedeira-958x639.jpg 958w, https:\/\/maresdecedeira.gal\/wp-content\/uploads\/2017\/11\/Preciosa-maqueta-de-barco-tradicional-de-Cedeira-matriculado-en-Ferrol-Museo-Mares-de-Cedeira-600x400.jpg 600w, https:\/\/maresdecedeira.gal\/wp-content\/uploads\/2017\/11\/Preciosa-maqueta-de-barco-tradicional-de-Cedeira-matriculado-en-Ferrol-Museo-Mares-de-Cedeira-272x182.jpg 272w\" sizes=\"auto, (max-width: 2560px) 100vw, 2560px\" \/>\t\t\t\t\t<\/div>\n\t\t\t\t\t\t\t\t\t\t\t<\/a>\n\t\t\t\t\t\t\t\t\t<\/div>\n\t\t\t<\/div>\n\t\t\t\t\t<\/li>\n\t\t<\/ul>\t\t\t\t<ol class=\"sow-slider-pagination\">\n\t\t\t\t\t\t\t\t\t\t\t<li><a href=\"#\" data-goto=\"0\" aria-label=\"Display slide 1\"><\/a><\/li>\n\t\t\t\t\t\t\t\t\t\t\t<li><a href=\"#\" data-goto=\"1\" aria-label=\"Display slide 2\"><\/a><\/li>\n\t\t\t\t\t\t\t\t\t\t\t<li><a href=\"#\" data-goto=\"2\" aria-label=\"Display slide 3\"><\/a><\/li>\n\t\t\t\t\t\t\t\t\t\t\t<li><a href=\"#\" data-goto=\"3\" aria-label=\"Display slide 4\"><\/a><\/li>\n\t\t\t\t\t\t\t\t\t\t\t<li><a href=\"#\" data-goto=\"4\" aria-label=\"Display slide 5\"><\/a><\/li>\n\t\t\t\t\t\t\t\t\t\t\t<li><a href=\"#\" data-goto=\"5\" aria-label=\"Display slide 6\"><\/a><\/li>\n\t\t\t\t\t\t\t\t\t\t\t<li><a href=\"#\" data-goto=\"6\" aria-label=\"Display slide 7\"><\/a><\/li>\n\t\t\t\t\t\t\t\t\t<\/ol>\n\n\t\t\t\t<div class=\"sow-slide-nav sow-slide-nav-next\">\n\t\t\t\t\t<a href=\"#\" data-goto=\"next\" aria-label=\"Next slide\" data-action=\"next\">\n\t\t\t\t\t\t<em class=\"sow-sld-icon-medium-rounded-right\"><\/em>\n\t\t\t\t\t<\/a>\n\t\t\t\t<\/div>\n\n\t\t\t\t<div class=\"sow-slide-nav sow-slide-nav-prev\">\n\t\t\t\t\t<a href=\"#\" data-goto=\"previous\" aria-label=\"Previous slide\" data-action=\"prev\">\n\t\t\t\t\t\t<em class=\"sow-sld-icon-medium-rounded-left\"><\/em>\n\t\t\t\t\t<\/a>\n\t\t\t\t<\/div>\n\t\t\t\t<\/div><\/div><\/div><\/div><\/div><div id=\"pg-516-1\"  class=\"panel-grid panel-no-style\" ><div id=\"pgc-516-1-0\"  class=\"panel-grid-cell\" ><div id=\"panel-516-1-0-0\" class=\"so-panel widget widget_sow-editor panel-first-child panel-last-child\" data-index=\"1\" ><div\n\t\t\t\n\t\t\tclass=\"so-widget-sow-editor so-widget-sow-editor-base\"\n\t\t\t\n\t\t>\n<div class=\"siteorigin-widget-tinymce textwidget\">\n\t<p class=\"Standard\" style=\"text-align: justify; text-justify: inter-ideograph;\">Un nombre important de mod\u00e8les de bateaux faisant partie de la flotte de Cedeira sont pr\u00e9sent\u00e9s dans cette salle. La pi\u00e8ce a trois bateaux grandeur nature. Il y a un bateau \u00e0 rames construit dans les ann\u00e9es cinquante et un bateau \u00e0 moteur des ann\u00e9es soixante qui \u00e9tait n\u00e9 comme un bateau \u00e0 voile pour la p\u00eache mais auquel un moteur int\u00e9rieur a \u00e9t\u00e9 incorpor\u00e9. Une partie de cette collection est l'une des rares dornas conserv\u00e9es en Galice avec voile, rames et gouvernail. Bateaux qui montrent le bon travail des \"carpinteiros de ribeira\" de Galice et de la ville de Cedeira, une profession en voie d'extinction que le mus\u00e9e veut revendiquer dans cette salle avec des bateaux et un banc de travail de l'un des derniers \"Carpinteiros de ribeira\" par Cedeira.<\/p>\n<\/div>\n<\/div><\/div><\/div><\/div><\/div>","protected":false},"excerpt":{"rendered":"<p>Un nombre important de mod\u00e8les de bateaux faisant partie de la flotte de Cedeira sont pr\u00e9sent\u00e9s dans cette salle. La pi\u00e8ce a trois bateaux grandeur nature. Il y a un bateau \u00e0 rames construit dans les ann\u00e9es cinquante et un bateau \u00e0 moteur des ann\u00e9es soixante qui \u00e9tait n\u00e9 comme un bateau \u00e0 voile pour la p\u00eache mais auquel un moteur int\u00e9rieur a \u00e9t\u00e9 incorpor\u00e9. Une partie de cette collection est l&#8217;une des rares dornas conserv\u00e9es en Galice avec voile, rames et gouvernail. Bateaux qui montrent le bon travail des &#8220;carpinteiros de ribeira&#8221; de Galice et de la ville de Cedeira, une profession en voie d&#8217;extinction que le mus\u00e9e veut revendiquer dans cette salle avec des bateaux et un banc de travail de l&#8217;un des derniers &#8220;Carpinteiros de ribeira&#8221; par Cedeira.<\/p>\n","protected":false},"author":1,"featured_media":0,"parent":0,"menu_order":0,"comment_status":"closed","ping_status":"closed","template":"","meta":{"footnotes":""},"class_list":["post-516","page","type-page","status-publish","hentry"],"yoast_head":"<!-- This site is optimized with the Yoast SEO plugin v27.3 - https:\/\/yoast.com\/product\/yoast-seo-wordpress\/ -->\n<title>Chambre bateau - Museo Mares de Cedeira<\/title>\n<meta name=\"robots\" content=\"index, follow, max-snippet:-1, max-image-preview:large, max-video-preview:-1\" \/>\n<link rel=\"canonical\" href=\"https:\/\/maresdecedeira.gal\/fr\/chambre-bateau\/\" \/>\n<meta property=\"og:locale\" content=\"fr_FR\" \/>\n<meta property=\"og:type\" content=\"article\" \/>\n<meta property=\"og:title\" content=\"Chambre bateau - Museo Mares de Cedeira\" \/>\n<meta property=\"og:description\" content=\"Un nombre important de mod\u00e8les de bateaux faisant partie de la flotte de Cedeira sont pr\u00e9sent\u00e9s dans cette salle. La pi\u00e8ce a trois bateaux grandeur nature. Il y a un bateau \u00e0 rames construit dans les ann\u00e9es cinquante et un bateau \u00e0 moteur des ann\u00e9es soixante qui \u00e9tait n\u00e9 comme un bateau \u00e0 voile pour la p\u00eache mais auquel un moteur int\u00e9rieur a \u00e9t\u00e9 incorpor\u00e9. Une partie de cette collection est l&#039;une des rares dornas conserv\u00e9es en Galice avec voile, rames et gouvernail. Bateaux qui montrent le bon travail des &quot;carpinteiros de ribeira&quot; de Galice et de la ville de Cedeira, une profession en voie d&#039;extinction que le mus\u00e9e veut revendiquer dans cette salle avec des bateaux et un banc de travail de l&#039;un des derniers &quot;Carpinteiros de ribeira&quot; par Cedeira.\" \/>\n<meta property=\"og:url\" content=\"https:\/\/maresdecedeira.gal\/fr\/chambre-bateau\/\" \/>\n<meta property=\"og:site_name\" content=\"Museo Mares de Cedeira\" \/>\n<meta name=\"twitter:card\" content=\"summary_large_image\" \/>\n<meta name=\"twitter:label1\" content=\"Dur\u00e9e de lecture estim\u00e9e\" \/>\n\t<meta name=\"twitter:data1\" content=\"1 minute\" \/>\n<script type=\"application\/ld+json\" class=\"yoast-schema-graph\">{\"@context\":\"https:\\\/\\\/schema.org\",\"@graph\":[{\"@type\":\"WebPage\",\"@id\":\"https:\\\/\\\/maresdecedeira.gal\\\/fr\\\/chambre-bateau\\\/\",\"url\":\"https:\\\/\\\/maresdecedeira.gal\\\/fr\\\/chambre-bateau\\\/\",\"name\":\"Chambre bateau - Museo Mares de Cedeira\",\"isPartOf\":{\"@id\":\"https:\\\/\\\/maresdecedeira.gal\\\/#website\"},\"datePublished\":\"2017-11-25T16:15:39+00:00\",\"breadcrumb\":{\"@id\":\"https:\\\/\\\/maresdecedeira.gal\\\/fr\\\/chambre-bateau\\\/#breadcrumb\"},\"inLanguage\":\"fr-FR\",\"potentialAction\":[{\"@type\":\"ReadAction\",\"target\":[\"https:\\\/\\\/maresdecedeira.gal\\\/fr\\\/chambre-bateau\\\/\"]}]},{\"@type\":\"BreadcrumbList\",\"@id\":\"https:\\\/\\\/maresdecedeira.gal\\\/fr\\\/chambre-bateau\\\/#breadcrumb\",\"itemListElement\":[{\"@type\":\"ListItem\",\"position\":1,\"name\":\"Portada\",\"item\":\"https:\\\/\\\/maresdecedeira.gal\\\/fr\\\/\"},{\"@type\":\"ListItem\",\"position\":2,\"name\":\"Chambre bateau\"}]},{\"@type\":\"WebSite\",\"@id\":\"https:\\\/\\\/maresdecedeira.gal\\\/#website\",\"url\":\"https:\\\/\\\/maresdecedeira.gal\\\/\",\"name\":\"Museo Mares de Cedeira\",\"description\":\"La Caja fuerte del patrimonio marinero de Cedeira\",\"potentialAction\":[{\"@type\":\"SearchAction\",\"target\":{\"@type\":\"EntryPoint\",\"urlTemplate\":\"https:\\\/\\\/maresdecedeira.gal\\\/?s={search_term_string}\"},\"query-input\":{\"@type\":\"PropertyValueSpecification\",\"valueRequired\":true,\"valueName\":\"search_term_string\"}}],\"inLanguage\":\"fr-FR\"}]}<\/script>\n<!-- \/ Yoast SEO plugin. -->","yoast_head_json":{"title":"Chambre bateau - Museo Mares de Cedeira","robots":{"index":"index","follow":"follow","max-snippet":"max-snippet:-1","max-image-preview":"max-image-preview:large","max-video-preview":"max-video-preview:-1"},"canonical":"https:\/\/maresdecedeira.gal\/fr\/chambre-bateau\/","og_locale":"fr_FR","og_type":"article","og_title":"Chambre bateau - Museo Mares de Cedeira","og_description":"Un nombre important de mod\u00e8les de bateaux faisant partie de la flotte de Cedeira sont pr\u00e9sent\u00e9s dans cette salle. La pi\u00e8ce a trois bateaux grandeur nature. Il y a un bateau \u00e0 rames construit dans les ann\u00e9es cinquante et un bateau \u00e0 moteur des ann\u00e9es soixante qui \u00e9tait n\u00e9 comme un bateau \u00e0 voile pour la p\u00eache mais auquel un moteur int\u00e9rieur a \u00e9t\u00e9 incorpor\u00e9. Une partie de cette collection est l'une des rares dornas conserv\u00e9es en Galice avec voile, rames et gouvernail. Bateaux qui montrent le bon travail des \"carpinteiros de ribeira\" de Galice et de la ville de Cedeira, une profession en voie d'extinction que le mus\u00e9e veut revendiquer dans cette salle avec des bateaux et un banc de travail de l'un des derniers \"Carpinteiros de ribeira\" par Cedeira.","og_url":"https:\/\/maresdecedeira.gal\/fr\/chambre-bateau\/","og_site_name":"Museo Mares de Cedeira","twitter_card":"summary_large_image","twitter_misc":{"Dur\u00e9e de lecture estim\u00e9e":"1 minute"},"schema":{"@context":"https:\/\/schema.org","@graph":[{"@type":"WebPage","@id":"https:\/\/maresdecedeira.gal\/fr\/chambre-bateau\/","url":"https:\/\/maresdecedeira.gal\/fr\/chambre-bateau\/","name":"Chambre bateau - Museo Mares de Cedeira","isPartOf":{"@id":"https:\/\/maresdecedeira.gal\/#website"},"datePublished":"2017-11-25T16:15:39+00:00","breadcrumb":{"@id":"https:\/\/maresdecedeira.gal\/fr\/chambre-bateau\/#breadcrumb"},"inLanguage":"fr-FR","potentialAction":[{"@type":"ReadAction","target":["https:\/\/maresdecedeira.gal\/fr\/chambre-bateau\/"]}]},{"@type":"BreadcrumbList","@id":"https:\/\/maresdecedeira.gal\/fr\/chambre-bateau\/#breadcrumb","itemListElement":[{"@type":"ListItem","position":1,"name":"Portada","item":"https:\/\/maresdecedeira.gal\/fr\/"},{"@type":"ListItem","position":2,"name":"Chambre bateau"}]},{"@type":"WebSite","@id":"https:\/\/maresdecedeira.gal\/#website","url":"https:\/\/maresdecedeira.gal\/","name":"Museo Mares de Cedeira","description":"La Caja fuerte del patrimonio marinero de Cedeira","potentialAction":[{"@type":"SearchAction","target":{"@type":"EntryPoint","urlTemplate":"https:\/\/maresdecedeira.gal\/?s={search_term_string}"},"query-input":{"@type":"PropertyValueSpecification","valueRequired":true,"valueName":"search_term_string"}}],"inLanguage":"fr-FR"}]}},"_links":{"self":[{"href":"https:\/\/maresdecedeira.gal\/fr\/wp-json\/wp\/v2\/pages\/516","targetHints":{"allow":["GET"]}}],"collection":[{"href":"https:\/\/maresdecedeira.gal\/fr\/wp-json\/wp\/v2\/pages"}],"about":[{"href":"https:\/\/maresdecedeira.gal\/fr\/wp-json\/wp\/v2\/types\/page"}],"author":[{"embeddable":true,"href":"https:\/\/maresdecedeira.gal\/fr\/wp-json\/wp\/v2\/users\/1"}],"replies":[{"embeddable":true,"href":"https:\/\/maresdecedeira.gal\/fr\/wp-json\/wp\/v2\/comments?post=516"}],"version-history":[{"count":2,"href":"https:\/\/maresdecedeira.gal\/fr\/wp-json\/wp\/v2\/pages\/516\/revisions"}],"predecessor-version":[{"id":518,"href":"https:\/\/maresdecedeira.gal\/fr\/wp-json\/wp\/v2\/pages\/516\/revisions\/518"}],"wp:attachment":[{"href":"https:\/\/maresdecedeira.gal\/fr\/wp-json\/wp\/v2\/media?parent=516"}],"curies":[{"name":"wp","href":"https:\/\/api.w.org\/{rel}","templated":true}]}}