{"id":513,"date":"2017-11-25T17:13:33","date_gmt":"2017-11-25T16:13:33","guid":{"rendered":"https:\/\/maresdecedeira.gal\/?page_id=513"},"modified":"2017-11-25T17:13:34","modified_gmt":"2017-11-25T16:13:34","slug":"coquillage","status":"publish","type":"page","link":"https:\/\/maresdecedeira.gal\/fr\/coquillage\/","title":{"rendered":"Coquillage"},"content":{"rendered":"<div id=\"pl-513\"  class=\"panel-layout\" ><div id=\"pg-513-0\"  class=\"panel-grid panel-no-style\" ><div id=\"pgc-513-0-0\"  class=\"panel-grid-cell\" ><div id=\"panel-513-0-0-0\" class=\"so-panel widget widget_sow-hero panel-first-child panel-last-child\" data-index=\"0\" ><div\n\t\t\t\n\t\t\tclass=\"so-widget-sow-hero so-widget-sow-hero-default-6e283e92799f-513 so-widget-fittext-wrapper\"\n\t\t\t data-fit-text-compressor=\"0.85\"\n\t\t>\t\t\t\t<div class=\"sow-slider-base\" style=\"display: none\" tabindex=\"0\">\n\t\t\t\t\t<ul\n\t\t\t\t\tclass=\"sow-slider-images\"\n\t\t\t\t\tdata-settings=\"{&quot;pagination&quot;:true,&quot;speed&quot;:800,&quot;timeout&quot;:8000,&quot;paused&quot;:false,&quot;pause_on_hover&quot;:false,&quot;swipe&quot;:true,&quot;nav_always_show_desktop&quot;:&quot;&quot;,&quot;nav_always_show_mobile&quot;:&quot;&quot;,&quot;breakpoint&quot;:&quot;780px&quot;,&quot;unmute&quot;:false,&quot;anchor&quot;:null}\"\n\t\t\t\t\t\t\t\t\t\tdata-anchor-id=\"\"\n\t\t\t\t>\t\t<li class=\"sow-slider-image\" style=\"visibility: visible;;background-color: #333333\" >\n\t\t\t\t\t<div class=\"sow-slider-image-container\">\n\t\t\t<div class=\"sow-slider-image-wrapper\">\n\t\t\t\t\t\t\t<\/div>\n\t\t<\/div>\n\t\t\t\t<\/li>\n\t\t<\/ul>\t\t\t\t<ol class=\"sow-slider-pagination\">\n\t\t\t\t\t\t\t\t\t\t\t<li><a href=\"#\" data-goto=\"0\" aria-label=\"Display slide 1\"><\/a><\/li>\n\t\t\t\t\t\t\t\t\t<\/ol>\n\n\t\t\t\t<div class=\"sow-slide-nav sow-slide-nav-next\">\n\t\t\t\t\t<a href=\"#\" data-goto=\"next\" aria-label=\"Next slide\" data-action=\"next\">\n\t\t\t\t\t\t<em class=\"sow-sld-icon-thin-right\"><\/em>\n\t\t\t\t\t<\/a>\n\t\t\t\t<\/div>\n\n\t\t\t\t<div class=\"sow-slide-nav sow-slide-nav-prev\">\n\t\t\t\t\t<a href=\"#\" data-goto=\"previous\" aria-label=\"Previous slide\" data-action=\"prev\">\n\t\t\t\t\t\t<em class=\"sow-sld-icon-thin-left\"><\/em>\n\t\t\t\t\t<\/a>\n\t\t\t\t<\/div>\n\t\t\t\t<\/div><\/div><\/div><\/div><\/div><div id=\"pg-513-1\"  class=\"panel-grid panel-no-style\" ><div id=\"pgc-513-1-0\"  class=\"panel-grid-cell\" ><div id=\"panel-513-1-0-0\" class=\"so-panel widget widget_sow-editor panel-first-child panel-last-child\" data-index=\"1\" ><div\n\t\t\t\n\t\t\tclass=\"so-widget-sow-editor so-widget-sow-editor-base\"\n\t\t\t\n\t\t>\n<div class=\"siteorigin-widget-tinymce textwidget\">\n\t<p>\u00a0<\/p>\n<p class=\"Standard\" style=\"text-align: justify; text-justify: inter-ideograph;\">Les coquillages sont l'un des piliers de l'\u00e9conomie cedeiresa. Pendant des d\u00e9cennies, les roches de la Mer du Milieu et du Blanc ont escalad\u00e9 les \"percebelleiros\" pour en extraire le pr\u00e9cieux crust\u00e9ceo. La cacha, la rapeta ou le salabardo sont des outils utilis\u00e9s par ce groupe de faucilles que les coquilliers utilisent pour extraire des coques et la coquina, une esp\u00e8ce de palourde tr\u00e8s populaire, est expos\u00e9e dans cette pi\u00e8ce o\u00f9 le visiteur peut conna\u00eetre en d\u00e9tail les caract\u00e9ristiques de la R\u00eda de Cedeira qui a une d\u00e9claration de r\u00e9serve marine, une reconnaissance et une d\u00e9claration qui contribuent \u00e0 la protection de l'environnement de la m\u00eame.<\/p>\n<\/div>\n<\/div><\/div><\/div><div id=\"pgc-513-1-1\"  class=\"panel-grid-cell\" ><div id=\"panel-513-1-1-0\" class=\"so-panel widget widget_sow-image panel-first-child panel-last-child\" data-index=\"2\" ><div\n\t\t\t\n\t\t\tclass=\"so-widget-sow-image so-widget-sow-image-default-8b5b6f678277-513\"\n\t\t\t\n\t\t>\n<div class=\"sow-image-container\">\n\t\t\t<a href=\"https:\/\/maresdecedeira.gal\/wp-content\/uploads\/2017\/11\/Zonas-de-marisqueo-en-Cedeira-Galicia.jpg\"\n\t\t\tdata-lightbox=\"Zonas de marisqueo en Cedeira Galicia\" data-title=\"Zonas de marisqueo en Cedeira Galicia\" \t\t>\n\t\t\t<img \n\tsrc=\"https:\/\/maresdecedeira.gal\/wp-content\/uploads\/2017\/11\/Zonas-de-marisqueo-en-Cedeira-Galicia.jpg\" width=\"1600\" height=\"1327\" srcset=\"https:\/\/maresdecedeira.gal\/wp-content\/uploads\/2017\/11\/Zonas-de-marisqueo-en-Cedeira-Galicia.jpg 1600w, https:\/\/maresdecedeira.gal\/wp-content\/uploads\/2017\/11\/Zonas-de-marisqueo-en-Cedeira-Galicia-300x249.jpg 300w, https:\/\/maresdecedeira.gal\/wp-content\/uploads\/2017\/11\/Zonas-de-marisqueo-en-Cedeira-Galicia-768x637.jpg 768w, https:\/\/maresdecedeira.gal\/wp-content\/uploads\/2017\/11\/Zonas-de-marisqueo-en-Cedeira-Galicia-1024x849.jpg 1024w, https:\/\/maresdecedeira.gal\/wp-content\/uploads\/2017\/11\/Zonas-de-marisqueo-en-Cedeira-Galicia-958x795.jpg 958w\" sizes=\"(max-width: 1600px) 100vw, 1600px\" title=\"Zonas de marisqueo en Cedeira Galicia\" alt=\"Zonas de marisqueo en Cedeira Galicia\" \t\tclass=\"so-widget-image\"\/>\n\t\t\t<\/a><\/div>\n\n<\/div><\/div><\/div><\/div><\/div>","protected":false},"excerpt":{"rendered":"<p>\u00a0 Les coquillages sont l&#8217;un des piliers de l&#8217;\u00e9conomie cedeiresa. Pendant des d\u00e9cennies, les roches de la Mer du Milieu et du Blanc ont escalad\u00e9 les &#8220;percebelleiros&#8221; pour en extraire le pr\u00e9cieux crust\u00e9ceo. La cacha, la rapeta ou le salabardo sont des outils utilis\u00e9s par ce groupe de faucilles que les coquilliers utilisent pour extraire des coques et la coquina, une esp\u00e8ce de palourde tr\u00e8s populaire, est expos\u00e9e dans cette pi\u00e8ce o\u00f9 le visiteur peut conna\u00eetre en d\u00e9tail les caract\u00e9ristiques de la R\u00eda de Cedeira qui a une d\u00e9claration de r\u00e9serve marine, une reconnaissance et une d\u00e9claration qui contribuent \u00e0 la protection de l&#8217;environnement de la m\u00eame.<\/p>\n","protected":false},"author":1,"featured_media":0,"parent":0,"menu_order":0,"comment_status":"closed","ping_status":"closed","template":"","meta":{"footnotes":""},"class_list":["post-513","page","type-page","status-publish","hentry"],"yoast_head":"<!-- This site is optimized with the Yoast SEO plugin v27.3 - https:\/\/yoast.com\/product\/yoast-seo-wordpress\/ -->\n<title>Coquillage - Museo Mares de Cedeira<\/title>\n<meta name=\"robots\" content=\"index, follow, max-snippet:-1, max-image-preview:large, max-video-preview:-1\" \/>\n<link rel=\"canonical\" href=\"https:\/\/maresdecedeira.gal\/fr\/coquillage\/\" \/>\n<meta property=\"og:locale\" content=\"fr_FR\" \/>\n<meta property=\"og:type\" content=\"article\" \/>\n<meta property=\"og:title\" content=\"Coquillage - Museo Mares de Cedeira\" \/>\n<meta property=\"og:description\" content=\"\u00a0 Les coquillages sont l&#039;un des piliers de l&#039;\u00e9conomie cedeiresa. Pendant des d\u00e9cennies, les roches de la Mer du Milieu et du Blanc ont escalad\u00e9 les &quot;percebelleiros&quot; pour en extraire le pr\u00e9cieux crust\u00e9ceo. La cacha, la rapeta ou le salabardo sont des outils utilis\u00e9s par ce groupe de faucilles que les coquilliers utilisent pour extraire des coques et la coquina, une esp\u00e8ce de palourde tr\u00e8s populaire, est expos\u00e9e dans cette pi\u00e8ce o\u00f9 le visiteur peut conna\u00eetre en d\u00e9tail les caract\u00e9ristiques de la R\u00eda de Cedeira qui a une d\u00e9claration de r\u00e9serve marine, une reconnaissance et une d\u00e9claration qui contribuent \u00e0 la protection de l&#039;environnement de la m\u00eame.\" \/>\n<meta property=\"og:url\" content=\"https:\/\/maresdecedeira.gal\/fr\/coquillage\/\" \/>\n<meta property=\"og:site_name\" content=\"Museo Mares de Cedeira\" \/>\n<meta property=\"article:modified_time\" content=\"2017-11-25T16:13:34+00:00\" \/>\n<meta name=\"twitter:card\" content=\"summary_large_image\" \/>\n<meta name=\"twitter:label1\" content=\"Dur\u00e9e de lecture estim\u00e9e\" \/>\n\t<meta name=\"twitter:data1\" content=\"1 minute\" \/>\n<script type=\"application\/ld+json\" class=\"yoast-schema-graph\">{\"@context\":\"https:\\\/\\\/schema.org\",\"@graph\":[{\"@type\":\"WebPage\",\"@id\":\"https:\\\/\\\/maresdecedeira.gal\\\/fr\\\/coquillage\\\/\",\"url\":\"https:\\\/\\\/maresdecedeira.gal\\\/fr\\\/coquillage\\\/\",\"name\":\"Coquillage - Museo Mares de Cedeira\",\"isPartOf\":{\"@id\":\"https:\\\/\\\/maresdecedeira.gal\\\/#website\"},\"datePublished\":\"2017-11-25T16:13:33+00:00\",\"dateModified\":\"2017-11-25T16:13:34+00:00\",\"breadcrumb\":{\"@id\":\"https:\\\/\\\/maresdecedeira.gal\\\/fr\\\/coquillage\\\/#breadcrumb\"},\"inLanguage\":\"fr-FR\",\"potentialAction\":[{\"@type\":\"ReadAction\",\"target\":[\"https:\\\/\\\/maresdecedeira.gal\\\/fr\\\/coquillage\\\/\"]}]},{\"@type\":\"BreadcrumbList\",\"@id\":\"https:\\\/\\\/maresdecedeira.gal\\\/fr\\\/coquillage\\\/#breadcrumb\",\"itemListElement\":[{\"@type\":\"ListItem\",\"position\":1,\"name\":\"Portada\",\"item\":\"https:\\\/\\\/maresdecedeira.gal\\\/fr\\\/\"},{\"@type\":\"ListItem\",\"position\":2,\"name\":\"Coquillage\"}]},{\"@type\":\"WebSite\",\"@id\":\"https:\\\/\\\/maresdecedeira.gal\\\/#website\",\"url\":\"https:\\\/\\\/maresdecedeira.gal\\\/\",\"name\":\"Museo Mares de Cedeira\",\"description\":\"La Caja fuerte del patrimonio marinero de Cedeira\",\"potentialAction\":[{\"@type\":\"SearchAction\",\"target\":{\"@type\":\"EntryPoint\",\"urlTemplate\":\"https:\\\/\\\/maresdecedeira.gal\\\/?s={search_term_string}\"},\"query-input\":{\"@type\":\"PropertyValueSpecification\",\"valueRequired\":true,\"valueName\":\"search_term_string\"}}],\"inLanguage\":\"fr-FR\"}]}<\/script>\n<!-- \/ Yoast SEO plugin. -->","yoast_head_json":{"title":"Coquillage - Museo Mares de Cedeira","robots":{"index":"index","follow":"follow","max-snippet":"max-snippet:-1","max-image-preview":"max-image-preview:large","max-video-preview":"max-video-preview:-1"},"canonical":"https:\/\/maresdecedeira.gal\/fr\/coquillage\/","og_locale":"fr_FR","og_type":"article","og_title":"Coquillage - Museo Mares de Cedeira","og_description":"\u00a0 Les coquillages sont l'un des piliers de l'\u00e9conomie cedeiresa. Pendant des d\u00e9cennies, les roches de la Mer du Milieu et du Blanc ont escalad\u00e9 les \"percebelleiros\" pour en extraire le pr\u00e9cieux crust\u00e9ceo. La cacha, la rapeta ou le salabardo sont des outils utilis\u00e9s par ce groupe de faucilles que les coquilliers utilisent pour extraire des coques et la coquina, une esp\u00e8ce de palourde tr\u00e8s populaire, est expos\u00e9e dans cette pi\u00e8ce o\u00f9 le visiteur peut conna\u00eetre en d\u00e9tail les caract\u00e9ristiques de la R\u00eda de Cedeira qui a une d\u00e9claration de r\u00e9serve marine, une reconnaissance et une d\u00e9claration qui contribuent \u00e0 la protection de l'environnement de la m\u00eame.","og_url":"https:\/\/maresdecedeira.gal\/fr\/coquillage\/","og_site_name":"Museo Mares de Cedeira","article_modified_time":"2017-11-25T16:13:34+00:00","twitter_card":"summary_large_image","twitter_misc":{"Dur\u00e9e de lecture estim\u00e9e":"1 minute"},"schema":{"@context":"https:\/\/schema.org","@graph":[{"@type":"WebPage","@id":"https:\/\/maresdecedeira.gal\/fr\/coquillage\/","url":"https:\/\/maresdecedeira.gal\/fr\/coquillage\/","name":"Coquillage - Museo Mares de Cedeira","isPartOf":{"@id":"https:\/\/maresdecedeira.gal\/#website"},"datePublished":"2017-11-25T16:13:33+00:00","dateModified":"2017-11-25T16:13:34+00:00","breadcrumb":{"@id":"https:\/\/maresdecedeira.gal\/fr\/coquillage\/#breadcrumb"},"inLanguage":"fr-FR","potentialAction":[{"@type":"ReadAction","target":["https:\/\/maresdecedeira.gal\/fr\/coquillage\/"]}]},{"@type":"BreadcrumbList","@id":"https:\/\/maresdecedeira.gal\/fr\/coquillage\/#breadcrumb","itemListElement":[{"@type":"ListItem","position":1,"name":"Portada","item":"https:\/\/maresdecedeira.gal\/fr\/"},{"@type":"ListItem","position":2,"name":"Coquillage"}]},{"@type":"WebSite","@id":"https:\/\/maresdecedeira.gal\/#website","url":"https:\/\/maresdecedeira.gal\/","name":"Museo Mares de Cedeira","description":"La Caja fuerte del patrimonio marinero de Cedeira","potentialAction":[{"@type":"SearchAction","target":{"@type":"EntryPoint","urlTemplate":"https:\/\/maresdecedeira.gal\/?s={search_term_string}"},"query-input":{"@type":"PropertyValueSpecification","valueRequired":true,"valueName":"search_term_string"}}],"inLanguage":"fr-FR"}]}},"_links":{"self":[{"href":"https:\/\/maresdecedeira.gal\/fr\/wp-json\/wp\/v2\/pages\/513","targetHints":{"allow":["GET"]}}],"collection":[{"href":"https:\/\/maresdecedeira.gal\/fr\/wp-json\/wp\/v2\/pages"}],"about":[{"href":"https:\/\/maresdecedeira.gal\/fr\/wp-json\/wp\/v2\/types\/page"}],"author":[{"embeddable":true,"href":"https:\/\/maresdecedeira.gal\/fr\/wp-json\/wp\/v2\/users\/1"}],"replies":[{"embeddable":true,"href":"https:\/\/maresdecedeira.gal\/fr\/wp-json\/wp\/v2\/comments?post=513"}],"version-history":[{"count":2,"href":"https:\/\/maresdecedeira.gal\/fr\/wp-json\/wp\/v2\/pages\/513\/revisions"}],"predecessor-version":[{"id":515,"href":"https:\/\/maresdecedeira.gal\/fr\/wp-json\/wp\/v2\/pages\/513\/revisions\/515"}],"wp:attachment":[{"href":"https:\/\/maresdecedeira.gal\/fr\/wp-json\/wp\/v2\/media?parent=513"}],"curies":[{"name":"wp","href":"https:\/\/api.w.org\/{rel}","templated":true}]}}