{"id":506,"date":"2017-11-25T16:55:44","date_gmt":"2017-11-25T15:55:44","guid":{"rendered":"https:\/\/maresdecedeira.gal\/?page_id=506"},"modified":"2017-11-25T16:55:44","modified_gmt":"2017-11-25T15:55:44","slug":"association-des-mares-cedeira-musee","status":"publish","type":"page","link":"https:\/\/maresdecedeira.gal\/fr\/association-des-mares-cedeira-musee\/","title":{"rendered":"Association des Mares de Cedeira Mus\u00e9e"},"content":{"rendered":"<div id=\"pl-506\"  class=\"panel-layout\" ><div id=\"pg-506-0\"  class=\"panel-grid panel-no-style\" ><div id=\"pgc-506-0-0\"  class=\"panel-grid-cell\" ><div id=\"panel-506-0-0-0\" class=\"so-panel widget widget_sow-editor panel-first-child panel-last-child\" data-index=\"0\" ><div\n\t\t\t\n\t\t\tclass=\"so-widget-sow-editor so-widget-sow-editor-base\"\n\t\t\t\n\t\t>\n<div class=\"siteorigin-widget-tinymce textwidget\">\n\t<p><a href=\"http:\/\/maresdecedeira.gal\/wp-content\/uploads\/2017\/11\/Apertura-oficial-Museo-Mares-de-Cedeira.jpg\"><img loading=\"lazy\" decoding=\"async\" class=\"wp-image-214 size-large aligncenter\" src=\"http:\/\/maresdecedeira.gal\/wp-content\/uploads\/2017\/11\/Apertura-oficial-Museo-Mares-de-Cedeira-1024x587.jpg\" alt=\"Apertura oficial Museo Mares de Cedeira\" width=\"680\" height=\"390\" srcset=\"https:\/\/maresdecedeira.gal\/wp-content\/uploads\/2017\/11\/Apertura-oficial-Museo-Mares-de-Cedeira-1024x587.jpg 1024w, https:\/\/maresdecedeira.gal\/wp-content\/uploads\/2017\/11\/Apertura-oficial-Museo-Mares-de-Cedeira-300x172.jpg 300w, https:\/\/maresdecedeira.gal\/wp-content\/uploads\/2017\/11\/Apertura-oficial-Museo-Mares-de-Cedeira-768x440.jpg 768w, https:\/\/maresdecedeira.gal\/wp-content\/uploads\/2017\/11\/Apertura-oficial-Museo-Mares-de-Cedeira-958x549.jpg 958w\" sizes=\"auto, (max-width: 680px) 100vw, 680px\" \/><\/a><\/p>\n<p>Le Association Mus\u00e9e Mares de Cedeira est la base sur laquelle quelques c\u00e8dres se sont rassembl\u00e9s pour collaborer entre eux, avec l'aide du Conseil et de la Guilde des P\u00eacheurs de Cedeira, en plus de tous les p\u00eacheurs qui ont gard\u00e9 des traces de l'histoire du travail dans les mers de Cedeira, nous avons r\u00e9ussi \u00e0 mettre en marche et de lutter pour maintenir la m\u00e9moire de notre Villa.<\/p>\n<p><a href=\"http:\/\/maresdecedeira.gal\/wp-content\/uploads\/2017\/11\/Mujeres-de-Cedeira-trabajando-en-fabrica-de-conserva.jpg\"><img loading=\"lazy\" decoding=\"async\" width=\"1024\" height=\"683\" class=\"aligncenter size-large wp-image-215\" src=\"http:\/\/maresdecedeira.gal\/wp-content\/uploads\/2017\/11\/Mujeres-de-Cedeira-trabajando-en-fabrica-de-conserva-1024x683.jpg\" alt=\"Mujeres de Cedeira trabajando en fabrica de conserva\" srcset=\"https:\/\/maresdecedeira.gal\/wp-content\/uploads\/2017\/11\/Mujeres-de-Cedeira-trabajando-en-fabrica-de-conserva-1024x683.jpg 1024w, https:\/\/maresdecedeira.gal\/wp-content\/uploads\/2017\/11\/Mujeres-de-Cedeira-trabajando-en-fabrica-de-conserva-300x200.jpg 300w, https:\/\/maresdecedeira.gal\/wp-content\/uploads\/2017\/11\/Mujeres-de-Cedeira-trabajando-en-fabrica-de-conserva-768x512.jpg 768w, https:\/\/maresdecedeira.gal\/wp-content\/uploads\/2017\/11\/Mujeres-de-Cedeira-trabajando-en-fabrica-de-conserva-958x639.jpg 958w, https:\/\/maresdecedeira.gal\/wp-content\/uploads\/2017\/11\/Mujeres-de-Cedeira-trabajando-en-fabrica-de-conserva-600x400.jpg 600w, https:\/\/maresdecedeira.gal\/wp-content\/uploads\/2017\/11\/Mujeres-de-Cedeira-trabajando-en-fabrica-de-conserva-272x182.jpg 272w\" sizes=\"auto, (max-width: 1024px) 100vw, 1024px\" \/><\/a><\/p>\n<\/div>\n<\/div><\/div><\/div><\/div><\/div>","protected":false},"excerpt":{"rendered":"<p>Le Association Mus\u00e9e Mares de Cedeira est la base sur laquelle quelques c\u00e8dres se sont rassembl\u00e9s pour collaborer entre eux, avec l&#8217;aide du Conseil et de la Guilde des P\u00eacheurs de Cedeira, en plus de tous les p\u00eacheurs qui ont gard\u00e9 des traces de l&#8217;histoire du travail dans les mers de Cedeira, nous avons r\u00e9ussi \u00e0 mettre en marche et de lutter pour maintenir la m\u00e9moire de notre Villa.<\/p>\n","protected":false},"author":1,"featured_media":0,"parent":0,"menu_order":0,"comment_status":"closed","ping_status":"closed","template":"","meta":{"footnotes":""},"class_list":["post-506","page","type-page","status-publish","hentry"],"yoast_head":"<!-- This site is optimized with the Yoast SEO plugin v27.3 - https:\/\/yoast.com\/product\/yoast-seo-wordpress\/ -->\n<title>Association des Mares de Cedeira Mus\u00e9e - Museo Mares de Cedeira<\/title>\n<meta name=\"robots\" content=\"index, follow, max-snippet:-1, max-image-preview:large, max-video-preview:-1\" \/>\n<link rel=\"canonical\" href=\"https:\/\/maresdecedeira.gal\/fr\/association-des-mares-cedeira-musee\/\" \/>\n<meta property=\"og:locale\" content=\"fr_FR\" \/>\n<meta property=\"og:type\" content=\"article\" \/>\n<meta property=\"og:title\" content=\"Association des Mares de Cedeira Mus\u00e9e - Museo Mares de Cedeira\" \/>\n<meta property=\"og:description\" content=\"Le Association Mus\u00e9e Mares de Cedeira est la base sur laquelle quelques c\u00e8dres se sont rassembl\u00e9s pour collaborer entre eux, avec l&#039;aide du Conseil et de la Guilde des P\u00eacheurs de Cedeira, en plus de tous les p\u00eacheurs qui ont gard\u00e9 des traces de l&#039;histoire du travail dans les mers de Cedeira, nous avons r\u00e9ussi \u00e0 mettre en marche et de lutter pour maintenir la m\u00e9moire de notre Villa.\" \/>\n<meta property=\"og:url\" content=\"https:\/\/maresdecedeira.gal\/fr\/association-des-mares-cedeira-musee\/\" \/>\n<meta property=\"og:site_name\" content=\"Museo Mares de Cedeira\" \/>\n<meta property=\"og:image\" content=\"http:\/\/maresdecedeira.gal\/wp-content\/uploads\/2017\/11\/Apertura-oficial-Museo-Mares-de-Cedeira-1024x587.jpg\" \/>\n<meta name=\"twitter:card\" content=\"summary_large_image\" \/>\n<script type=\"application\/ld+json\" class=\"yoast-schema-graph\">{\"@context\":\"https:\\\/\\\/schema.org\",\"@graph\":[{\"@type\":\"WebPage\",\"@id\":\"https:\\\/\\\/maresdecedeira.gal\\\/fr\\\/association-des-mares-cedeira-musee\\\/\",\"url\":\"https:\\\/\\\/maresdecedeira.gal\\\/fr\\\/association-des-mares-cedeira-musee\\\/\",\"name\":\"Association des Mares de Cedeira Mus\u00e9e - Museo Mares de Cedeira\",\"isPartOf\":{\"@id\":\"https:\\\/\\\/maresdecedeira.gal\\\/#website\"},\"primaryImageOfPage\":{\"@id\":\"https:\\\/\\\/maresdecedeira.gal\\\/fr\\\/association-des-mares-cedeira-musee\\\/#primaryimage\"},\"image\":{\"@id\":\"https:\\\/\\\/maresdecedeira.gal\\\/fr\\\/association-des-mares-cedeira-musee\\\/#primaryimage\"},\"thumbnailUrl\":\"http:\\\/\\\/maresdecedeira.gal\\\/wp-content\\\/uploads\\\/2017\\\/11\\\/Apertura-oficial-Museo-Mares-de-Cedeira-1024x587.jpg\",\"datePublished\":\"2017-11-25T15:55:44+00:00\",\"breadcrumb\":{\"@id\":\"https:\\\/\\\/maresdecedeira.gal\\\/fr\\\/association-des-mares-cedeira-musee\\\/#breadcrumb\"},\"inLanguage\":\"fr-FR\",\"potentialAction\":[{\"@type\":\"ReadAction\",\"target\":[\"https:\\\/\\\/maresdecedeira.gal\\\/fr\\\/association-des-mares-cedeira-musee\\\/\"]}]},{\"@type\":\"ImageObject\",\"inLanguage\":\"fr-FR\",\"@id\":\"https:\\\/\\\/maresdecedeira.gal\\\/fr\\\/association-des-mares-cedeira-musee\\\/#primaryimage\",\"url\":\"http:\\\/\\\/maresdecedeira.gal\\\/wp-content\\\/uploads\\\/2017\\\/11\\\/Apertura-oficial-Museo-Mares-de-Cedeira-1024x587.jpg\",\"contentUrl\":\"http:\\\/\\\/maresdecedeira.gal\\\/wp-content\\\/uploads\\\/2017\\\/11\\\/Apertura-oficial-Museo-Mares-de-Cedeira-1024x587.jpg\"},{\"@type\":\"BreadcrumbList\",\"@id\":\"https:\\\/\\\/maresdecedeira.gal\\\/fr\\\/association-des-mares-cedeira-musee\\\/#breadcrumb\",\"itemListElement\":[{\"@type\":\"ListItem\",\"position\":1,\"name\":\"Portada\",\"item\":\"https:\\\/\\\/maresdecedeira.gal\\\/fr\\\/\"},{\"@type\":\"ListItem\",\"position\":2,\"name\":\"Association des Mares de Cedeira Mus\u00e9e\"}]},{\"@type\":\"WebSite\",\"@id\":\"https:\\\/\\\/maresdecedeira.gal\\\/#website\",\"url\":\"https:\\\/\\\/maresdecedeira.gal\\\/\",\"name\":\"Museo Mares de Cedeira\",\"description\":\"La Caja fuerte del patrimonio marinero de Cedeira\",\"potentialAction\":[{\"@type\":\"SearchAction\",\"target\":{\"@type\":\"EntryPoint\",\"urlTemplate\":\"https:\\\/\\\/maresdecedeira.gal\\\/?s={search_term_string}\"},\"query-input\":{\"@type\":\"PropertyValueSpecification\",\"valueRequired\":true,\"valueName\":\"search_term_string\"}}],\"inLanguage\":\"fr-FR\"}]}<\/script>\n<!-- \/ Yoast SEO plugin. -->","yoast_head_json":{"title":"Association des Mares de Cedeira Mus\u00e9e - Museo Mares de Cedeira","robots":{"index":"index","follow":"follow","max-snippet":"max-snippet:-1","max-image-preview":"max-image-preview:large","max-video-preview":"max-video-preview:-1"},"canonical":"https:\/\/maresdecedeira.gal\/fr\/association-des-mares-cedeira-musee\/","og_locale":"fr_FR","og_type":"article","og_title":"Association des Mares de Cedeira Mus\u00e9e - Museo Mares de Cedeira","og_description":"Le Association Mus\u00e9e Mares de Cedeira est la base sur laquelle quelques c\u00e8dres se sont rassembl\u00e9s pour collaborer entre eux, avec l'aide du Conseil et de la Guilde des P\u00eacheurs de Cedeira, en plus de tous les p\u00eacheurs qui ont gard\u00e9 des traces de l'histoire du travail dans les mers de Cedeira, nous avons r\u00e9ussi \u00e0 mettre en marche et de lutter pour maintenir la m\u00e9moire de notre Villa.","og_url":"https:\/\/maresdecedeira.gal\/fr\/association-des-mares-cedeira-musee\/","og_site_name":"Museo Mares de Cedeira","og_image":[{"url":"http:\/\/maresdecedeira.gal\/wp-content\/uploads\/2017\/11\/Apertura-oficial-Museo-Mares-de-Cedeira-1024x587.jpg","type":"","width":"","height":""}],"twitter_card":"summary_large_image","schema":{"@context":"https:\/\/schema.org","@graph":[{"@type":"WebPage","@id":"https:\/\/maresdecedeira.gal\/fr\/association-des-mares-cedeira-musee\/","url":"https:\/\/maresdecedeira.gal\/fr\/association-des-mares-cedeira-musee\/","name":"Association des Mares de Cedeira Mus\u00e9e - Museo Mares de Cedeira","isPartOf":{"@id":"https:\/\/maresdecedeira.gal\/#website"},"primaryImageOfPage":{"@id":"https:\/\/maresdecedeira.gal\/fr\/association-des-mares-cedeira-musee\/#primaryimage"},"image":{"@id":"https:\/\/maresdecedeira.gal\/fr\/association-des-mares-cedeira-musee\/#primaryimage"},"thumbnailUrl":"http:\/\/maresdecedeira.gal\/wp-content\/uploads\/2017\/11\/Apertura-oficial-Museo-Mares-de-Cedeira-1024x587.jpg","datePublished":"2017-11-25T15:55:44+00:00","breadcrumb":{"@id":"https:\/\/maresdecedeira.gal\/fr\/association-des-mares-cedeira-musee\/#breadcrumb"},"inLanguage":"fr-FR","potentialAction":[{"@type":"ReadAction","target":["https:\/\/maresdecedeira.gal\/fr\/association-des-mares-cedeira-musee\/"]}]},{"@type":"ImageObject","inLanguage":"fr-FR","@id":"https:\/\/maresdecedeira.gal\/fr\/association-des-mares-cedeira-musee\/#primaryimage","url":"http:\/\/maresdecedeira.gal\/wp-content\/uploads\/2017\/11\/Apertura-oficial-Museo-Mares-de-Cedeira-1024x587.jpg","contentUrl":"http:\/\/maresdecedeira.gal\/wp-content\/uploads\/2017\/11\/Apertura-oficial-Museo-Mares-de-Cedeira-1024x587.jpg"},{"@type":"BreadcrumbList","@id":"https:\/\/maresdecedeira.gal\/fr\/association-des-mares-cedeira-musee\/#breadcrumb","itemListElement":[{"@type":"ListItem","position":1,"name":"Portada","item":"https:\/\/maresdecedeira.gal\/fr\/"},{"@type":"ListItem","position":2,"name":"Association des Mares de Cedeira Mus\u00e9e"}]},{"@type":"WebSite","@id":"https:\/\/maresdecedeira.gal\/#website","url":"https:\/\/maresdecedeira.gal\/","name":"Museo Mares de Cedeira","description":"La Caja fuerte del patrimonio marinero de Cedeira","potentialAction":[{"@type":"SearchAction","target":{"@type":"EntryPoint","urlTemplate":"https:\/\/maresdecedeira.gal\/?s={search_term_string}"},"query-input":{"@type":"PropertyValueSpecification","valueRequired":true,"valueName":"search_term_string"}}],"inLanguage":"fr-FR"}]}},"_links":{"self":[{"href":"https:\/\/maresdecedeira.gal\/fr\/wp-json\/wp\/v2\/pages\/506","targetHints":{"allow":["GET"]}}],"collection":[{"href":"https:\/\/maresdecedeira.gal\/fr\/wp-json\/wp\/v2\/pages"}],"about":[{"href":"https:\/\/maresdecedeira.gal\/fr\/wp-json\/wp\/v2\/types\/page"}],"author":[{"embeddable":true,"href":"https:\/\/maresdecedeira.gal\/fr\/wp-json\/wp\/v2\/users\/1"}],"replies":[{"embeddable":true,"href":"https:\/\/maresdecedeira.gal\/fr\/wp-json\/wp\/v2\/comments?post=506"}],"version-history":[{"count":2,"href":"https:\/\/maresdecedeira.gal\/fr\/wp-json\/wp\/v2\/pages\/506\/revisions"}],"predecessor-version":[{"id":508,"href":"https:\/\/maresdecedeira.gal\/fr\/wp-json\/wp\/v2\/pages\/506\/revisions\/508"}],"wp:attachment":[{"href":"https:\/\/maresdecedeira.gal\/fr\/wp-json\/wp\/v2\/media?parent=506"}],"curies":[{"name":"wp","href":"https:\/\/api.w.org\/{rel}","templated":true}]}}