{"id":884,"date":"2024-11-20T19:26:09","date_gmt":"2024-11-20T18:26:09","guid":{"rendered":"https:\/\/maresdecedeira.gal\/?page_id=884"},"modified":"2024-11-20T19:30:20","modified_gmt":"2024-11-20T18:30:20","slug":"i-concurso-de-postales-navidenas","status":"publish","type":"page","link":"https:\/\/maresdecedeira.gal\/es\/i-concurso-de-postales-navidenas\/","title":{"rendered":"I Concurso de postales Navide\u00f1as"},"content":{"rendered":"<p>Te presentamos el I Concurso de postales Navide\u00f1as del Museo Mares de Cedeira.<\/p>\n<p>Puedes descargar las bases de participaci\u00f3n aqu\u00ed.<\/p>\n<p><a href=\"https:\/\/maresdecedeira.gal\/wp-content\/uploads\/2024\/11\/BASES-I-CONCURSO-DE-POSTAIS-NAVIDENAS.pdf\">BASES I CONCURSO DE POSTAIS NAVIDEN\u0303AS<\/a><\/p>\n<p>&nbsp;<\/p>\n<h4>Plazo<\/h4>\n<p>\u00a1Desde el 20 de noviembre hasta el 5 de diciembre de 2024 podr\u00e1s enviarnos tu postal!<\/p>\n<h4>D\u00e9jalas en el Museo<\/h4>\n<h4>Premiados<\/h4>\n<p>Se dar\u00e1 a conocer por nuestras redes sociales el d\u00eda 7 de diciembre<\/p>\n<p>&nbsp;<\/p>\n<p>\u00a1An\u00edmate y participa!<\/p>\n","protected":false},"excerpt":{"rendered":"<p>Te presentamos el I Concurso de postales Navide\u00f1as del Museo Mares de Cedeira. Puedes descargar las bases de participaci\u00f3n aqu\u00ed. BASES I CONCURSO DE POSTAIS NAVIDEN\u0303AS &nbsp; Plazo \u00a1Desde el 20 de noviembre hasta el 5 de diciembre de 2024 podr\u00e1s enviarnos tu postal! D\u00e9jalas en el Museo Premiados Se dar\u00e1 a conocer por nuestras redes sociales el d\u00eda 7 de diciembre &nbsp; \u00a1An\u00edmate y participa!<\/p>\n","protected":false},"author":1,"featured_media":0,"parent":0,"menu_order":0,"comment_status":"closed","ping_status":"closed","template":"","meta":{"footnotes":""},"class_list":["post-884","page","type-page","status-publish","hentry"],"yoast_head":"<!-- This site is optimized with the Yoast SEO plugin v27.0 - https:\/\/yoast.com\/product\/yoast-seo-wordpress\/ -->\n<title>I Concurso de postales Navide\u00f1as - Museo Mares de Cedeira<\/title>\n<meta name=\"robots\" content=\"index, follow, max-snippet:-1, max-image-preview:large, max-video-preview:-1\" \/>\n<link rel=\"canonical\" href=\"https:\/\/maresdecedeira.gal\/es\/i-concurso-de-postales-navidenas\/\" \/>\n<meta property=\"og:locale\" content=\"es_ES\" \/>\n<meta property=\"og:type\" content=\"article\" \/>\n<meta property=\"og:title\" content=\"I Concurso de postales Navide\u00f1as - Museo Mares de Cedeira\" \/>\n<meta property=\"og:description\" content=\"Te presentamos el I Concurso de postales Navide\u00f1as del Museo Mares de Cedeira. Puedes descargar las bases de participaci\u00f3n aqu\u00ed. BASES I CONCURSO DE POSTAIS NAVIDEN\u0303AS &nbsp; Plazo \u00a1Desde el 20 de noviembre hasta el 5 de diciembre de 2024 podr\u00e1s enviarnos tu postal! D\u00e9jalas en el Museo Premiados Se dar\u00e1 a conocer por nuestras redes sociales el d\u00eda 7 de diciembre &nbsp; \u00a1An\u00edmate y participa!\" \/>\n<meta property=\"og:url\" content=\"https:\/\/maresdecedeira.gal\/es\/i-concurso-de-postales-navidenas\/\" \/>\n<meta property=\"og:site_name\" content=\"Museo Mares de Cedeira\" \/>\n<meta property=\"article:modified_time\" content=\"2024-11-20T18:30:20+00:00\" \/>\n<meta name=\"twitter:card\" content=\"summary_large_image\" \/>\n<meta name=\"twitter:label1\" content=\"Tiempo de lectura\" \/>\n\t<meta name=\"twitter:data1\" content=\"1 minuto\" \/>\n<script type=\"application\/ld+json\" class=\"yoast-schema-graph\">{\"@context\":\"https:\/\/schema.org\",\"@graph\":[{\"@type\":\"WebPage\",\"@id\":\"https:\/\/maresdecedeira.gal\/es\/i-concurso-de-postales-navidenas\/\",\"url\":\"https:\/\/maresdecedeira.gal\/es\/i-concurso-de-postales-navidenas\/\",\"name\":\"I Concurso de postales Navide\u00f1as - Museo Mares de Cedeira\",\"isPartOf\":{\"@id\":\"https:\/\/maresdecedeira.gal\/#website\"},\"datePublished\":\"2024-11-20T18:26:09+00:00\",\"dateModified\":\"2024-11-20T18:30:20+00:00\",\"breadcrumb\":{\"@id\":\"https:\/\/maresdecedeira.gal\/es\/i-concurso-de-postales-navidenas\/#breadcrumb\"},\"inLanguage\":\"es\",\"potentialAction\":[{\"@type\":\"ReadAction\",\"target\":[\"https:\/\/maresdecedeira.gal\/es\/i-concurso-de-postales-navidenas\/\"]}]},{\"@type\":\"BreadcrumbList\",\"@id\":\"https:\/\/maresdecedeira.gal\/es\/i-concurso-de-postales-navidenas\/#breadcrumb\",\"itemListElement\":[{\"@type\":\"ListItem\",\"position\":1,\"name\":\"Portada\",\"item\":\"https:\/\/maresdecedeira.gal\/es\/\"},{\"@type\":\"ListItem\",\"position\":2,\"name\":\"I Concurso de postales Navide\u00f1as\"}]},{\"@type\":\"WebSite\",\"@id\":\"https:\/\/maresdecedeira.gal\/#website\",\"url\":\"https:\/\/maresdecedeira.gal\/\",\"name\":\"Museo Mares de Cedeira\",\"description\":\"La Caja fuerte del patrimonio marinero de Cedeira\",\"potentialAction\":[{\"@type\":\"SearchAction\",\"target\":{\"@type\":\"EntryPoint\",\"urlTemplate\":\"https:\/\/maresdecedeira.gal\/?s={search_term_string}\"},\"query-input\":{\"@type\":\"PropertyValueSpecification\",\"valueRequired\":true,\"valueName\":\"search_term_string\"}}],\"inLanguage\":\"es\"}]}<\/script>\n<!-- \/ Yoast SEO plugin. -->","yoast_head_json":{"title":"I Concurso de postales Navide\u00f1as - Museo Mares de Cedeira","robots":{"index":"index","follow":"follow","max-snippet":"max-snippet:-1","max-image-preview":"max-image-preview:large","max-video-preview":"max-video-preview:-1"},"canonical":"https:\/\/maresdecedeira.gal\/es\/i-concurso-de-postales-navidenas\/","og_locale":"es_ES","og_type":"article","og_title":"I Concurso de postales Navide\u00f1as - Museo Mares de Cedeira","og_description":"Te presentamos el I Concurso de postales Navide\u00f1as del Museo Mares de Cedeira. Puedes descargar las bases de participaci\u00f3n aqu\u00ed. BASES I CONCURSO DE POSTAIS NAVIDEN\u0303AS &nbsp; Plazo \u00a1Desde el 20 de noviembre hasta el 5 de diciembre de 2024 podr\u00e1s enviarnos tu postal! D\u00e9jalas en el Museo Premiados Se dar\u00e1 a conocer por nuestras redes sociales el d\u00eda 7 de diciembre &nbsp; \u00a1An\u00edmate y participa!","og_url":"https:\/\/maresdecedeira.gal\/es\/i-concurso-de-postales-navidenas\/","og_site_name":"Museo Mares de Cedeira","article_modified_time":"2024-11-20T18:30:20+00:00","twitter_card":"summary_large_image","twitter_misc":{"Tiempo de lectura":"1 minuto"},"schema":{"@context":"https:\/\/schema.org","@graph":[{"@type":"WebPage","@id":"https:\/\/maresdecedeira.gal\/es\/i-concurso-de-postales-navidenas\/","url":"https:\/\/maresdecedeira.gal\/es\/i-concurso-de-postales-navidenas\/","name":"I Concurso de postales Navide\u00f1as - Museo Mares de Cedeira","isPartOf":{"@id":"https:\/\/maresdecedeira.gal\/#website"},"datePublished":"2024-11-20T18:26:09+00:00","dateModified":"2024-11-20T18:30:20+00:00","breadcrumb":{"@id":"https:\/\/maresdecedeira.gal\/es\/i-concurso-de-postales-navidenas\/#breadcrumb"},"inLanguage":"es","potentialAction":[{"@type":"ReadAction","target":["https:\/\/maresdecedeira.gal\/es\/i-concurso-de-postales-navidenas\/"]}]},{"@type":"BreadcrumbList","@id":"https:\/\/maresdecedeira.gal\/es\/i-concurso-de-postales-navidenas\/#breadcrumb","itemListElement":[{"@type":"ListItem","position":1,"name":"Portada","item":"https:\/\/maresdecedeira.gal\/es\/"},{"@type":"ListItem","position":2,"name":"I Concurso de postales Navide\u00f1as"}]},{"@type":"WebSite","@id":"https:\/\/maresdecedeira.gal\/#website","url":"https:\/\/maresdecedeira.gal\/","name":"Museo Mares de Cedeira","description":"La Caja fuerte del patrimonio marinero de Cedeira","potentialAction":[{"@type":"SearchAction","target":{"@type":"EntryPoint","urlTemplate":"https:\/\/maresdecedeira.gal\/?s={search_term_string}"},"query-input":{"@type":"PropertyValueSpecification","valueRequired":true,"valueName":"search_term_string"}}],"inLanguage":"es"}]}},"_links":{"self":[{"href":"https:\/\/maresdecedeira.gal\/es\/wp-json\/wp\/v2\/pages\/884","targetHints":{"allow":["GET"]}}],"collection":[{"href":"https:\/\/maresdecedeira.gal\/es\/wp-json\/wp\/v2\/pages"}],"about":[{"href":"https:\/\/maresdecedeira.gal\/es\/wp-json\/wp\/v2\/types\/page"}],"author":[{"embeddable":true,"href":"https:\/\/maresdecedeira.gal\/es\/wp-json\/wp\/v2\/users\/1"}],"replies":[{"embeddable":true,"href":"https:\/\/maresdecedeira.gal\/es\/wp-json\/wp\/v2\/comments?post=884"}],"version-history":[{"count":1,"href":"https:\/\/maresdecedeira.gal\/es\/wp-json\/wp\/v2\/pages\/884\/revisions"}],"predecessor-version":[{"id":889,"href":"https:\/\/maresdecedeira.gal\/es\/wp-json\/wp\/v2\/pages\/884\/revisions\/889"}],"wp:attachment":[{"href":"https:\/\/maresdecedeira.gal\/es\/wp-json\/wp\/v2\/media?parent=884"}],"curies":[{"name":"wp","href":"https:\/\/api.w.org\/{rel}","templated":true}]}}