{"id":39,"date":"2017-11-04T14:34:40","date_gmt":"2017-11-04T13:34:40","guid":{"rendered":"http:\/\/maresdecedeira.gal\/?page_id=39"},"modified":"2017-11-25T17:11:20","modified_gmt":"2017-11-25T16:11:20","slug":"marisqueo","status":"publish","type":"page","link":"https:\/\/maresdecedeira.gal\/es\/marisqueo\/","title":{"rendered":"Marisqueo"},"content":{"rendered":"<div id=\"pl-39\"  class=\"panel-layout\" ><div id=\"pg-39-0\"  class=\"panel-grid panel-no-style\" ><div id=\"pgc-39-0-0\"  class=\"panel-grid-cell\" ><div id=\"panel-39-0-0-0\" class=\"so-panel widget widget_sow-hero panel-first-child panel-last-child\" data-index=\"0\" ><div\n\t\t\t\n\t\t\tclass=\"so-widget-sow-hero so-widget-sow-hero-default-6e283e92799f-39 so-widget-fittext-wrapper\"\n\t\t\t data-fit-text-compressor=\"0.85\"\n\t\t>\t\t\t\t<div class=\"sow-slider-base\" style=\"display: none\" tabindex=\"0\">\n\t\t\t\t\t<ul\n\t\t\t\t\tclass=\"sow-slider-images\"\n\t\t\t\t\tdata-settings=\"{&quot;pagination&quot;:true,&quot;speed&quot;:800,&quot;timeout&quot;:8000,&quot;paused&quot;:false,&quot;pause_on_hover&quot;:false,&quot;swipe&quot;:true,&quot;nav_always_show_desktop&quot;:&quot;&quot;,&quot;nav_always_show_mobile&quot;:&quot;&quot;,&quot;breakpoint&quot;:&quot;780px&quot;,&quot;unmute&quot;:false,&quot;anchor&quot;:null}\"\n\t\t\t\t\t\t\t\t\t\tdata-anchor-id=\"\"\n\t\t\t\t>\t\t<li class=\"sow-slider-image\" style=\"visibility: visible;;background-color: #333333\" >\n\t\t\t\t\t<div class=\"sow-slider-image-container\">\n\t\t\t<div class=\"sow-slider-image-wrapper\">\n\t\t\t\t<p><a href=\"http:\/\/maresdecedeira.gal\/wp-content\/uploads\/2017\/11\/Ejemplo-de-herramientas-para-Marisqueo-Sala-de-Marisqueo.jpg\"><img loading=\"lazy\" decoding=\"async\" width=\"1600\" height=\"948\" class=\"aligncenter size-full wp-image-274\" src=\"http:\/\/maresdecedeira.gal\/wp-content\/uploads\/2017\/11\/Ejemplo-de-herramientas-para-Marisqueo-Sala-de-Marisqueo.jpg\" alt=\"Ejemplo de herramientas para Marisqueo - Sala de Marisqueo\" srcset=\"https:\/\/maresdecedeira.gal\/wp-content\/uploads\/2017\/11\/Ejemplo-de-herramientas-para-Marisqueo-Sala-de-Marisqueo.jpg 1600w, https:\/\/maresdecedeira.gal\/wp-content\/uploads\/2017\/11\/Ejemplo-de-herramientas-para-Marisqueo-Sala-de-Marisqueo-300x178.jpg 300w, https:\/\/maresdecedeira.gal\/wp-content\/uploads\/2017\/11\/Ejemplo-de-herramientas-para-Marisqueo-Sala-de-Marisqueo-768x455.jpg 768w, https:\/\/maresdecedeira.gal\/wp-content\/uploads\/2017\/11\/Ejemplo-de-herramientas-para-Marisqueo-Sala-de-Marisqueo-1024x607.jpg 1024w, https:\/\/maresdecedeira.gal\/wp-content\/uploads\/2017\/11\/Ejemplo-de-herramientas-para-Marisqueo-Sala-de-Marisqueo-958x568.jpg 958w\" sizes=\"auto, (max-width: 1600px) 100vw, 1600px\" \/><\/a><\/p>\t\t\t<\/div>\n\t\t<\/div>\n\t\t\t\t<\/li>\n\t\t<\/ul>\t\t\t\t<ol class=\"sow-slider-pagination\">\n\t\t\t\t\t\t\t\t\t\t\t<li><a href=\"#\" data-goto=\"0\" aria-label=\"mostrar diapositiva 1\"><\/a><\/li>\n\t\t\t\t\t\t\t\t\t<\/ol>\n\n\t\t\t\t<div class=\"sow-slide-nav sow-slide-nav-next\">\n\t\t\t\t\t<a href=\"#\" data-goto=\"next\" aria-label=\"diapositiva siguiente\" data-action=\"next\">\n\t\t\t\t\t\t<em class=\"sow-sld-icon-thin-right\"><\/em>\n\t\t\t\t\t<\/a>\n\t\t\t\t<\/div>\n\n\t\t\t\t<div class=\"sow-slide-nav sow-slide-nav-prev\">\n\t\t\t\t\t<a href=\"#\" data-goto=\"previous\" aria-label=\"diapositiva anterior\" data-action=\"prev\">\n\t\t\t\t\t\t<em class=\"sow-sld-icon-thin-left\"><\/em>\n\t\t\t\t\t<\/a>\n\t\t\t\t<\/div>\n\t\t\t\t<\/div><\/div><\/div><\/div><\/div><div id=\"pg-39-1\"  class=\"panel-grid panel-no-style\" ><div id=\"pgc-39-1-0\"  class=\"panel-grid-cell\" ><div id=\"panel-39-1-0-0\" class=\"so-panel widget widget_sow-editor panel-first-child panel-last-child\" data-index=\"1\" ><div\n\t\t\t\n\t\t\tclass=\"so-widget-sow-editor so-widget-sow-editor-base\"\n\t\t\t\n\t\t>\n<div class=\"siteorigin-widget-tinymce textwidget\">\n\t<p class=\"Standard\" style=\"text-align: justify; text-justify: inter-ideograph;\"><span lang=\"ES\"><a href=\"http:\/\/maresdecedeira.gal\/wp-content\/uploads\/2017\/11\/Zonas-de-marisqueo-en-Cedeira-Galicia.jpg\"><img loading=\"lazy\" decoding=\"async\" class=\"alignright wp-image-272 size-medium\" src=\"http:\/\/maresdecedeira.gal\/wp-content\/uploads\/2017\/11\/Zonas-de-marisqueo-en-Cedeira-Galicia-300x249.jpg\" alt=\"Zonas de marisqueo en Cedeira Galicia\" width=\"300\" height=\"249\" srcset=\"https:\/\/maresdecedeira.gal\/wp-content\/uploads\/2017\/11\/Zonas-de-marisqueo-en-Cedeira-Galicia-300x249.jpg 300w, https:\/\/maresdecedeira.gal\/wp-content\/uploads\/2017\/11\/Zonas-de-marisqueo-en-Cedeira-Galicia-768x637.jpg 768w, https:\/\/maresdecedeira.gal\/wp-content\/uploads\/2017\/11\/Zonas-de-marisqueo-en-Cedeira-Galicia-1024x849.jpg 1024w, https:\/\/maresdecedeira.gal\/wp-content\/uploads\/2017\/11\/Zonas-de-marisqueo-en-Cedeira-Galicia-958x795.jpg 958w, https:\/\/maresdecedeira.gal\/wp-content\/uploads\/2017\/11\/Zonas-de-marisqueo-en-Cedeira-Galicia.jpg 1600w\" sizes=\"auto, (max-width: 300px) 100vw, 300px\" \/><\/a>El marisqueo es un de los pilares de la econom\u00eda cedeiresa. Desde hace d\u00e9cadas por las rocas de medio Mar y por las Blancas escalan los \u201cpercebelleiros\u201d para extraer el preciado crust\u00e9ceo. La cacha, la rapeta o el salabardo son herramientas empleadas por este colectivo hoces que emplean las mariscadoras que extraer berberecho y la coquina, una especie de almeja muy cotizada, se exponen en esta sala en la que el visitante puede conocer de manera detallada las caracter\u00edsticas de la R\u00eda de Cedeira que cuenta con declaraci\u00f3n de reserva marina, un reconocimiento y declaraci\u00f3n que contribuyen a la protecci\u00f3n medioambiental de la misma.<\/span><\/p>\n<\/div>\n<\/div><\/div><\/div><\/div><\/div>","protected":false},"excerpt":{"rendered":"<p>El marisqueo es un de los pilares de la econom\u00eda cedeiresa. Desde hace d\u00e9cadas por las rocas de medio Mar y por las Blancas escalan los \u201cpercebelleiros\u201d para extraer el preciado crust\u00e9ceo. La cacha, la rapeta o el salabardo son herramientas empleadas por este colectivo hoces que emplean las mariscadoras que extraer berberecho y la coquina, una especie de almeja muy cotizada, se exponen en esta sala en la que el visitante puede conocer de manera detallada las caracter\u00edsticas de la R\u00eda de Cedeira que cuenta con declaraci\u00f3n de reserva marina, un reconocimiento y declaraci\u00f3n que contribuyen a la protecci\u00f3n medioambiental de la misma.<\/p>\n","protected":false},"author":1,"featured_media":0,"parent":0,"menu_order":0,"comment_status":"closed","ping_status":"closed","template":"","meta":{"footnotes":""},"class_list":["post-39","page","type-page","status-publish","hentry"],"yoast_head":"<!-- This site is optimized with the Yoast SEO plugin v27.3 - https:\/\/yoast.com\/product\/yoast-seo-wordpress\/ -->\n<title>Marisqueo - Museo Mares de Cedeira<\/title>\n<meta name=\"robots\" content=\"index, follow, max-snippet:-1, max-image-preview:large, max-video-preview:-1\" \/>\n<link rel=\"canonical\" href=\"https:\/\/maresdecedeira.gal\/es\/marisqueo\/\" \/>\n<meta property=\"og:locale\" content=\"es_ES\" \/>\n<meta property=\"og:type\" content=\"article\" \/>\n<meta property=\"og:title\" content=\"Marisqueo - Museo Mares de Cedeira\" \/>\n<meta property=\"og:description\" content=\"El marisqueo es un de los pilares de la econom\u00eda cedeiresa. Desde hace d\u00e9cadas por las rocas de medio Mar y por las Blancas escalan los \u201cpercebelleiros\u201d para extraer el preciado crust\u00e9ceo. La cacha, la rapeta o el salabardo son herramientas empleadas por este colectivo hoces que emplean las mariscadoras que extraer berberecho y la coquina, una especie de almeja muy cotizada, se exponen en esta sala en la que el visitante puede conocer de manera detallada las caracter\u00edsticas de la R\u00eda de Cedeira que cuenta con declaraci\u00f3n de reserva marina, un reconocimiento y declaraci\u00f3n que contribuyen a la protecci\u00f3n medioambiental de la misma.\" \/>\n<meta property=\"og:url\" content=\"https:\/\/maresdecedeira.gal\/es\/marisqueo\/\" \/>\n<meta property=\"og:site_name\" content=\"Museo Mares de Cedeira\" \/>\n<meta property=\"article:modified_time\" content=\"2017-11-25T16:11:20+00:00\" \/>\n<meta property=\"og:image\" content=\"http:\/\/maresdecedeira.gal\/wp-content\/uploads\/2017\/11\/Zonas-de-marisqueo-en-Cedeira-Galicia-300x249.jpg\" \/>\n<meta name=\"twitter:card\" content=\"summary_large_image\" \/>\n<meta name=\"twitter:label1\" content=\"Tiempo de lectura\" \/>\n\t<meta name=\"twitter:data1\" content=\"1 minuto\" \/>\n<script type=\"application\/ld+json\" class=\"yoast-schema-graph\">{\"@context\":\"https:\\\/\\\/schema.org\",\"@graph\":[{\"@type\":\"WebPage\",\"@id\":\"https:\\\/\\\/maresdecedeira.gal\\\/es\\\/marisqueo\\\/\",\"url\":\"https:\\\/\\\/maresdecedeira.gal\\\/es\\\/marisqueo\\\/\",\"name\":\"Marisqueo - Museo Mares de Cedeira\",\"isPartOf\":{\"@id\":\"https:\\\/\\\/maresdecedeira.gal\\\/#website\"},\"primaryImageOfPage\":{\"@id\":\"https:\\\/\\\/maresdecedeira.gal\\\/es\\\/marisqueo\\\/#primaryimage\"},\"image\":{\"@id\":\"https:\\\/\\\/maresdecedeira.gal\\\/es\\\/marisqueo\\\/#primaryimage\"},\"thumbnailUrl\":\"http:\\\/\\\/maresdecedeira.gal\\\/wp-content\\\/uploads\\\/2017\\\/11\\\/Zonas-de-marisqueo-en-Cedeira-Galicia-300x249.jpg\",\"datePublished\":\"2017-11-04T13:34:40+00:00\",\"dateModified\":\"2017-11-25T16:11:20+00:00\",\"breadcrumb\":{\"@id\":\"https:\\\/\\\/maresdecedeira.gal\\\/es\\\/marisqueo\\\/#breadcrumb\"},\"inLanguage\":\"es\",\"potentialAction\":[{\"@type\":\"ReadAction\",\"target\":[\"https:\\\/\\\/maresdecedeira.gal\\\/es\\\/marisqueo\\\/\"]}]},{\"@type\":\"ImageObject\",\"inLanguage\":\"es\",\"@id\":\"https:\\\/\\\/maresdecedeira.gal\\\/es\\\/marisqueo\\\/#primaryimage\",\"url\":\"http:\\\/\\\/maresdecedeira.gal\\\/wp-content\\\/uploads\\\/2017\\\/11\\\/Zonas-de-marisqueo-en-Cedeira-Galicia-300x249.jpg\",\"contentUrl\":\"http:\\\/\\\/maresdecedeira.gal\\\/wp-content\\\/uploads\\\/2017\\\/11\\\/Zonas-de-marisqueo-en-Cedeira-Galicia-300x249.jpg\"},{\"@type\":\"BreadcrumbList\",\"@id\":\"https:\\\/\\\/maresdecedeira.gal\\\/es\\\/marisqueo\\\/#breadcrumb\",\"itemListElement\":[{\"@type\":\"ListItem\",\"position\":1,\"name\":\"Portada\",\"item\":\"https:\\\/\\\/maresdecedeira.gal\\\/es\\\/\"},{\"@type\":\"ListItem\",\"position\":2,\"name\":\"Marisqueo\"}]},{\"@type\":\"WebSite\",\"@id\":\"https:\\\/\\\/maresdecedeira.gal\\\/#website\",\"url\":\"https:\\\/\\\/maresdecedeira.gal\\\/\",\"name\":\"Museo Mares de Cedeira\",\"description\":\"La Caja fuerte del patrimonio marinero de Cedeira\",\"potentialAction\":[{\"@type\":\"SearchAction\",\"target\":{\"@type\":\"EntryPoint\",\"urlTemplate\":\"https:\\\/\\\/maresdecedeira.gal\\\/?s={search_term_string}\"},\"query-input\":{\"@type\":\"PropertyValueSpecification\",\"valueRequired\":true,\"valueName\":\"search_term_string\"}}],\"inLanguage\":\"es\"}]}<\/script>\n<!-- \/ Yoast SEO plugin. -->","yoast_head_json":{"title":"Marisqueo - Museo Mares de Cedeira","robots":{"index":"index","follow":"follow","max-snippet":"max-snippet:-1","max-image-preview":"max-image-preview:large","max-video-preview":"max-video-preview:-1"},"canonical":"https:\/\/maresdecedeira.gal\/es\/marisqueo\/","og_locale":"es_ES","og_type":"article","og_title":"Marisqueo - Museo Mares de Cedeira","og_description":"El marisqueo es un de los pilares de la econom\u00eda cedeiresa. Desde hace d\u00e9cadas por las rocas de medio Mar y por las Blancas escalan los \u201cpercebelleiros\u201d para extraer el preciado crust\u00e9ceo. La cacha, la rapeta o el salabardo son herramientas empleadas por este colectivo hoces que emplean las mariscadoras que extraer berberecho y la coquina, una especie de almeja muy cotizada, se exponen en esta sala en la que el visitante puede conocer de manera detallada las caracter\u00edsticas de la R\u00eda de Cedeira que cuenta con declaraci\u00f3n de reserva marina, un reconocimiento y declaraci\u00f3n que contribuyen a la protecci\u00f3n medioambiental de la misma.","og_url":"https:\/\/maresdecedeira.gal\/es\/marisqueo\/","og_site_name":"Museo Mares de Cedeira","article_modified_time":"2017-11-25T16:11:20+00:00","og_image":[{"url":"http:\/\/maresdecedeira.gal\/wp-content\/uploads\/2017\/11\/Zonas-de-marisqueo-en-Cedeira-Galicia-300x249.jpg","type":"","width":"","height":""}],"twitter_card":"summary_large_image","twitter_misc":{"Tiempo de lectura":"1 minuto"},"schema":{"@context":"https:\/\/schema.org","@graph":[{"@type":"WebPage","@id":"https:\/\/maresdecedeira.gal\/es\/marisqueo\/","url":"https:\/\/maresdecedeira.gal\/es\/marisqueo\/","name":"Marisqueo - Museo Mares de Cedeira","isPartOf":{"@id":"https:\/\/maresdecedeira.gal\/#website"},"primaryImageOfPage":{"@id":"https:\/\/maresdecedeira.gal\/es\/marisqueo\/#primaryimage"},"image":{"@id":"https:\/\/maresdecedeira.gal\/es\/marisqueo\/#primaryimage"},"thumbnailUrl":"http:\/\/maresdecedeira.gal\/wp-content\/uploads\/2017\/11\/Zonas-de-marisqueo-en-Cedeira-Galicia-300x249.jpg","datePublished":"2017-11-04T13:34:40+00:00","dateModified":"2017-11-25T16:11:20+00:00","breadcrumb":{"@id":"https:\/\/maresdecedeira.gal\/es\/marisqueo\/#breadcrumb"},"inLanguage":"es","potentialAction":[{"@type":"ReadAction","target":["https:\/\/maresdecedeira.gal\/es\/marisqueo\/"]}]},{"@type":"ImageObject","inLanguage":"es","@id":"https:\/\/maresdecedeira.gal\/es\/marisqueo\/#primaryimage","url":"http:\/\/maresdecedeira.gal\/wp-content\/uploads\/2017\/11\/Zonas-de-marisqueo-en-Cedeira-Galicia-300x249.jpg","contentUrl":"http:\/\/maresdecedeira.gal\/wp-content\/uploads\/2017\/11\/Zonas-de-marisqueo-en-Cedeira-Galicia-300x249.jpg"},{"@type":"BreadcrumbList","@id":"https:\/\/maresdecedeira.gal\/es\/marisqueo\/#breadcrumb","itemListElement":[{"@type":"ListItem","position":1,"name":"Portada","item":"https:\/\/maresdecedeira.gal\/es\/"},{"@type":"ListItem","position":2,"name":"Marisqueo"}]},{"@type":"WebSite","@id":"https:\/\/maresdecedeira.gal\/#website","url":"https:\/\/maresdecedeira.gal\/","name":"Museo Mares de Cedeira","description":"La Caja fuerte del patrimonio marinero de Cedeira","potentialAction":[{"@type":"SearchAction","target":{"@type":"EntryPoint","urlTemplate":"https:\/\/maresdecedeira.gal\/?s={search_term_string}"},"query-input":{"@type":"PropertyValueSpecification","valueRequired":true,"valueName":"search_term_string"}}],"inLanguage":"es"}]}},"_links":{"self":[{"href":"https:\/\/maresdecedeira.gal\/es\/wp-json\/wp\/v2\/pages\/39","targetHints":{"allow":["GET"]}}],"collection":[{"href":"https:\/\/maresdecedeira.gal\/es\/wp-json\/wp\/v2\/pages"}],"about":[{"href":"https:\/\/maresdecedeira.gal\/es\/wp-json\/wp\/v2\/types\/page"}],"author":[{"embeddable":true,"href":"https:\/\/maresdecedeira.gal\/es\/wp-json\/wp\/v2\/users\/1"}],"replies":[{"embeddable":true,"href":"https:\/\/maresdecedeira.gal\/es\/wp-json\/wp\/v2\/comments?post=39"}],"version-history":[{"count":10,"href":"https:\/\/maresdecedeira.gal\/es\/wp-json\/wp\/v2\/pages\/39\/revisions"}],"predecessor-version":[{"id":512,"href":"https:\/\/maresdecedeira.gal\/es\/wp-json\/wp\/v2\/pages\/39\/revisions\/512"}],"wp:attachment":[{"href":"https:\/\/maresdecedeira.gal\/es\/wp-json\/wp\/v2\/media?parent=39"}],"curies":[{"name":"wp","href":"https:\/\/api.w.org\/{rel}","templated":true}]}}